{"id":696,"date":"2018-02-13T17:11:38","date_gmt":"2018-02-13T17:11:38","guid":{"rendered":"https:\/\/new.wirth-produkte.ch\/product\/aspirateur-gl-roboter\/"},"modified":"2018-02-25T17:18:17","modified_gmt":"2018-02-25T17:18:17","slug":"aspirateur-gl-roboter","status":"publish","type":"product","link":"https:\/\/wirth-produkte.ch\/fr\/produit\/aspirateur-gl-roboter\/","title":{"rendered":"Aspirateur \u00e0 filtration par eau \u2013 robot GL"},"content":{"rendered":"<p>Au design agr\u00e9able et fonctionnel, le robot GL est un aspirateur \u00e0 cuve \u00e0 aspiration par eau qui r\u00e9pond aux exigences \u00e9lev\u00e9es. La filtration par eau unique en son genre permet de s\u00e9parer les poussi\u00e8res et les salet\u00e9s typiques du m\u00e9nage de mani\u00e8re efficace. Le syst\u00e8me de filtration suppl\u00e9mentaire compos\u00e9 d\u2019une combinaison de filtres HEPA et au charbon, assure une filtration soigneuse et hygi\u00e9nique des poussi\u00e8res, des acariens et d\u2019autres allerg\u00e8nes. Son moteur \u00e0 deux temps est \u00e9quip\u00e9 d\u2019un s\u00e9parateur qui retient pratiquement toutes les salet\u00e9s et poussi\u00e8res dans le r\u00e9servoir d\u2019eau. Ainsi, l\u2019air \u00e9vacu\u00e9 de l\u2019aspirateur \u00e0 cuve est irr\u00e9prochablement propre.<\/p>\n","protected":false},"excerpt":{"rendered":"<p><strong>Caract\u00e9ristiques techniques: <\/strong><\/p>\n<p>1200 watts<br \/>\nMoteur \u00e0 deux temps avec s\u00e9parateur<br \/>\nFiltre HEPA<br \/>\nTube t\u00e9lescopique \u00e9lectrique<br \/>\nSuceur sol commutable<br \/>\nSuceur pour rembourrages, suceur pour fentes, brosse pour meubles Poids: 9,6 kg<br \/>\nH x L x P: 53 x 40 x 43,5 cm<br \/>\nRayon d\u2019action: 8 m<\/p>\n","protected":false},"featured_media":626,"comment_status":"closed","ping_status":"closed","template":"","meta":[],"product_brand":[],"product_cat":[75],"product_tag":[],"class_list":{"0":"post-696","1":"product","2":"type-product","3":"status-publish","4":"has-post-thumbnail","6":"product_cat-aspirateur","8":"first","9":"instock","10":"taxable","11":"shipping-taxable","12":"purchasable","13":"product-type-simple"},"_links":{"self":[{"href":"https:\/\/wirth-produkte.ch\/fr\/wp-json\/wp\/v2\/product\/696","targetHints":{"allow":["GET"]}}],"collection":[{"href":"https:\/\/wirth-produkte.ch\/fr\/wp-json\/wp\/v2\/product"}],"about":[{"href":"https:\/\/wirth-produkte.ch\/fr\/wp-json\/wp\/v2\/types\/product"}],"replies":[{"embeddable":true,"href":"https:\/\/wirth-produkte.ch\/fr\/wp-json\/wp\/v2\/comments?post=696"}],"wp:featuredmedia":[{"embeddable":true,"href":"https:\/\/wirth-produkte.ch\/fr\/wp-json\/wp\/v2\/media\/626"}],"wp:attachment":[{"href":"https:\/\/wirth-produkte.ch\/fr\/wp-json\/wp\/v2\/media?parent=696"}],"wp:term":[{"taxonomy":"product_brand","embeddable":true,"href":"https:\/\/wirth-produkte.ch\/fr\/wp-json\/wp\/v2\/product_brand?post=696"},{"taxonomy":"product_cat","embeddable":true,"href":"https:\/\/wirth-produkte.ch\/fr\/wp-json\/wp\/v2\/product_cat?post=696"},{"taxonomy":"product_tag","embeddable":true,"href":"https:\/\/wirth-produkte.ch\/fr\/wp-json\/wp\/v2\/product_tag?post=696"}],"curies":[{"name":"wp","href":"https:\/\/api.w.org\/{rel}","templated":true}]}}