{"id":339,"date":"2017-09-27T19:10:25","date_gmt":"2017-09-27T19:10:25","guid":{"rendered":"http:\/\/new.wirth-produkte.ch\/produkt\/monobrosse\/"},"modified":"2018-02-25T18:18:21","modified_gmt":"2018-02-25T18:18:21","slug":"monobrosse-33","status":"publish","type":"product","link":"https:\/\/wirth-produkte.ch\/fr\/produit\/monobrosse-33\/","title":{"rendered":"Monobrosse 33"},"content":{"rendered":"<p><strong>La monobrosse ultra maniable<br \/>\n<\/strong><br \/>\nLa monobrosse d\u2019une largeur de seulement 33 cm a \u00e9t\u00e9 con\u00e7ue sp\u00e9cifiquement pour les surfaces r\u00e9duites et les escaliers. Qu\u2019il s\u2019agisse du nettoyage ou du lustrage des parquets ou dallages, vous obtiendrez toujours des r\u00e9sultats optimaux. Pour faciliter le dosage au cours des op\u00e9rations de nettoyage, la monobrosse est \u00e9quip\u00e9e d\u2019un diffuseur incorpor\u00e9. La brosse couronne ou le pad et son plateau d\u2019entra\u00eenement sont dispos\u00e9s de mani\u00e8re excentrique et fonctionnent avec 1450 oscillations par minute. Ces oscillations vous assurent d&rsquo;excellents r\u00e9sultats d&rsquo;entretien.<\/p>\n","protected":false},"excerpt":{"rendered":"<p><strong>Fiche technique:<\/strong><\/p>\n<p>Puissance max. \u00a0 \u00a0 \u00a0 \u00a0 \u00a0 \u00a0 \u00a0 290W\/230V<br \/>\nLargeur de travail \u00a0 \u00a0 \u00a0 \u00a0 \u00a0 \u00a033 cm<br \/>\nHauteur capot \u00a0 \u00a0 \u00a0 \u00a0 \u00a0 \u00a0 \u00a0 \u00a0 25 cm<br \/>\nLongueur du c\u00e2ble \u00a0 \u00a0 \u00a0 \u00a0 \u00a07,5 m<br \/>\nPoids \u00a0 \u00a0 \u00a0 \u00a0 \u00a0 \u00a0 \u00a0 \u00a0 \u00a0 \u00a0 \u00a0 \u00a0 \u00a0 \u00a0 \u00a013 kg<br \/>\nOscillations \u00a0 \u00a0 \u00a0 \u00a0 \u00a0 \u00a0 \u00a0 \u00a0 \u00a0 \u00a01450\/min.<\/p>\n","protected":false},"featured_media":620,"comment_status":"closed","ping_status":"closed","template":"","meta":[],"product_brand":[],"product_cat":[52],"product_tag":[],"class_list":{"0":"post-339","1":"product","2":"type-product","3":"status-publish","4":"has-post-thumbnail","6":"product_cat-monobrosse","8":"first","9":"instock","10":"taxable","11":"shipping-taxable","12":"purchasable","13":"product-type-simple"},"_links":{"self":[{"href":"https:\/\/wirth-produkte.ch\/fr\/wp-json\/wp\/v2\/product\/339","targetHints":{"allow":["GET"]}}],"collection":[{"href":"https:\/\/wirth-produkte.ch\/fr\/wp-json\/wp\/v2\/product"}],"about":[{"href":"https:\/\/wirth-produkte.ch\/fr\/wp-json\/wp\/v2\/types\/product"}],"replies":[{"embeddable":true,"href":"https:\/\/wirth-produkte.ch\/fr\/wp-json\/wp\/v2\/comments?post=339"}],"wp:featuredmedia":[{"embeddable":true,"href":"https:\/\/wirth-produkte.ch\/fr\/wp-json\/wp\/v2\/media\/620"}],"wp:attachment":[{"href":"https:\/\/wirth-produkte.ch\/fr\/wp-json\/wp\/v2\/media?parent=339"}],"wp:term":[{"taxonomy":"product_brand","embeddable":true,"href":"https:\/\/wirth-produkte.ch\/fr\/wp-json\/wp\/v2\/product_brand?post=339"},{"taxonomy":"product_cat","embeddable":true,"href":"https:\/\/wirth-produkte.ch\/fr\/wp-json\/wp\/v2\/product_cat?post=339"},{"taxonomy":"product_tag","embeddable":true,"href":"https:\/\/wirth-produkte.ch\/fr\/wp-json\/wp\/v2\/product_tag?post=339"}],"curies":[{"name":"wp","href":"https:\/\/api.w.org\/{rel}","templated":true}]}}