{"id":269,"date":"2017-09-10T09:23:57","date_gmt":"2017-09-10T09:23:57","guid":{"rendered":"http:\/\/new.wirth-produkte.ch\/produkt\/nettoyeur-a-extraction-par-aspersion-uw-1000\/"},"modified":"2025-02-19T16:02:03","modified_gmt":"2025-02-19T15:02:03","slug":"nettoyeur-a-extraction-par-aspersion-uw-1000","status":"publish","type":"product","link":"https:\/\/wirth-produkte.ch\/fr\/produit\/nettoyeur-a-extraction-par-aspersion-uw-1000\/","title":{"rendered":"Nettoyeur \u00e0 extraction  par aspersion UW 1000"},"content":{"rendered":"<p><strong>Nettoyage en profondeur des moquettes, si\u00e8ges de v\u00e9hicules et meubles capitonn\u00e9s par extraction\/aspersion<br \/>\n<\/strong><br \/>\nLe nettoyeur \u00e0 extraction par aspersion UW 1000 convient pour le nettoyage des moquettes, si\u00e8ges de v\u00e9hicules, meubles capitonn\u00e9s textiles et des sols durs ainsi que pour une aspiration s\u00e8che et humide.<br \/>\nIl pr\u00e9sente un poids r\u00e9duit et des dimensions compactes. Gr\u00e2ce \u00e0 sa turbine d\u2019aspiration puissante, la surface trait\u00e9e est presque exempte d&rsquo;humidit\u00e9 r\u00e9siduelle. Ainsi, le temps d\u2019attente avant de pouvoir marcher sur une moquette se trouve nettement r\u00e9duit. Le nettoyeur dispose d\u2019un tube en chrome.<\/p>\n","protected":false},"excerpt":{"rendered":"<p><strong>Donn\u00e9es techniques UW 1000:<\/strong><\/p>\n<p>Adapteur d&rsquo;un tube en chrome<\/p>\n<p>Puissance totale:\u00a0 \u00a0 \u00a0 \u00a0 \u00a0 \u00a0 \u00a0 \u00a0 \u00a0 \u00a0 \u00a0 \u00a0 \u00a0 1000 watts<br \/>\nD\u00e9bit d\u00e0ir:\u00a0 \u00a0 \u00a0 \u00a0 \u00a0 \u00a0 \u00a0 \u00a0 \u00a0 \u00a0 \u00a0 \u00a0 \u00a0 \u00a0 \u00a0 \u00a0 \u00a0 \u00a0 \u00a0 54 l\/sec.<br \/>\nVaccum\u00a0:\u00a0 \u00a0 \u00a0 \u00a0 \u00a0 \u00a0 \u00a0 \u00a0 \u00a0 \u00a0 \u00a0 \u00a0 \u00a0 \u00a0 \u00a0 \u00a0 \u00a0 \u00a0 \u00a0 \u00a0 \u00a0210 mbar<br \/>\nPuissance de la pompe\u00a0:\u00a0 \u00a0 \u00a0 \u00a0 \u00a0 \u00a0 \u00a0 2.4 bar<br \/>\nD\u00e9bit de la pompe\u00a0:\u00a0\u00a0\u00a0\u00a0\u00a0\u00a0\u00a0\u00a0\u00a0\u00a0\u00a0\u00a0\u00a0\u00a0\u00a0\u00a0\u00a0\u00a0\u00a0\u00a0\u00a0\u00a0 1.6 l\/min.<br \/>\nR\u00e9servoir d\u00e8au fraiche\u00a0:\u00a0 \u00a0 \u00a0 \u00a0 \u00a0 \u00a0 \u00a0 \u00a07 litres<br \/>\nR\u00e9servoir d\u00e8au usag\u00e9e\u00a0:\u00a0 \u00a0 \u00a0 \u00a0 \u00a0 \u00a0 \u00a0 \u00a07 litres<br \/>\nPoids\u00a0:\u00a0 \u00a0 \u00a0 \u00a0 \u00a0 \u00a0 \u00a0 \u00a0 \u00a0 \u00a0 \u00a0 \u00a0 \u00a0 \u00a0 \u00a0 \u00a0 \u00a0 \u00a0 \u00a0 \u00a0 \u00a0 \u00a0 \u00a0 9.5 kg<br \/>\nLongueur du cable\u00a0:\u00a0 \u00a0 \u00a0 \u00a0 \u00a0 \u00a0 \u00a0 \u00a0 \u00a0 \u00a0 \u00a0 7.5 m<br \/>\nEncombrement\u00a0:\u00a0 \u00a0 \u00a0 \u00a0 \u00a0 \u00a0 \u00a0 \u00a0 \u00a0 \u00a0 \u00a0 \u00a0 \u00a0 \u00a0 40\/40\/52 cm<\/p>\n","protected":false},"featured_media":421,"comment_status":"closed","ping_status":"closed","template":"","meta":[],"product_brand":[],"product_cat":[51],"product_tag":[],"class_list":{"0":"post-269","1":"product","2":"type-product","3":"status-publish","4":"has-post-thumbnail","6":"product_cat-nettoyeur-a-extraction-par-aspersion","8":"first","9":"instock","10":"taxable","11":"shipping-taxable","12":"purchasable","13":"product-type-simple"},"_links":{"self":[{"href":"https:\/\/wirth-produkte.ch\/fr\/wp-json\/wp\/v2\/product\/269","targetHints":{"allow":["GET"]}}],"collection":[{"href":"https:\/\/wirth-produkte.ch\/fr\/wp-json\/wp\/v2\/product"}],"about":[{"href":"https:\/\/wirth-produkte.ch\/fr\/wp-json\/wp\/v2\/types\/product"}],"replies":[{"embeddable":true,"href":"https:\/\/wirth-produkte.ch\/fr\/wp-json\/wp\/v2\/comments?post=269"}],"wp:featuredmedia":[{"embeddable":true,"href":"https:\/\/wirth-produkte.ch\/fr\/wp-json\/wp\/v2\/media\/421"}],"wp:attachment":[{"href":"https:\/\/wirth-produkte.ch\/fr\/wp-json\/wp\/v2\/media?parent=269"}],"wp:term":[{"taxonomy":"product_brand","embeddable":true,"href":"https:\/\/wirth-produkte.ch\/fr\/wp-json\/wp\/v2\/product_brand?post=269"},{"taxonomy":"product_cat","embeddable":true,"href":"https:\/\/wirth-produkte.ch\/fr\/wp-json\/wp\/v2\/product_cat?post=269"},{"taxonomy":"product_tag","embeddable":true,"href":"https:\/\/wirth-produkte.ch\/fr\/wp-json\/wp\/v2\/product_tag?post=269"}],"curies":[{"name":"wp","href":"https:\/\/api.w.org\/{rel}","templated":true}]}}