{"id":267,"date":"2017-08-12T14:41:17","date_gmt":"2017-08-12T14:41:17","guid":{"rendered":"http:\/\/new.wirth-produkte.ch\/produkt\/wash-30\/"},"modified":"2021-08-27T15:02:17","modified_gmt":"2021-08-27T14:02:17","slug":"meywash-300","status":"publish","type":"product","link":"https:\/\/wirth-produkte.ch\/fr\/produit\/meywash-300\/","title":{"rendered":"meywash 300"},"content":{"rendered":"<p><b>Lavage sans Gaspillage<\/b><br \/>\nLe r\u00e9servoir d&rsquo;eau propre est de 2.6 l. et permet de laver pendant environ 9 mins. sans arr\u00eat. Les 4 roues en caoutchouc et le r\u00e9glage de la pression de la brosse, pemerettent d&rsquo;utilisier la machine de mani\u00e8re optimale sur les sols lisses et d\u00e9licats ainis qu&rsquo;en pierres anciennes aux larges joints.<\/p>\n<p><b>R\u00e9servoir int\u00e9gr\u00e9s<\/b><br \/>\nLes r\u00e9servoir d&rsquo;eau propre et sale sont int\u00e9gr\u00e9s en un seul bac, par un simple geste, on enl\u00e8ve le r\u00e9servoir de la machine, on vide l&rsquo;eau sale et on le remplit m\u00eame \u00e0 un \u00e9vier domestique gr\u00e2ce au remplissage horizontal.<\/p>\n<p><b>Produits dos\u00e9s<\/b><br \/>\nLe bouchon du r\u00e9servoir est aussi un doseur. 1% de produit d\u00e9tergent Wirth-Concentr\u00e9 d&rsquo;extraction (26 ml.) permet de laver selon la largeur de la base de la brosse 60 m2. L&rsquo;impact sur l&rsquo;environnement par cons\u00e9quence est r\u00e9duit au minimum et l&rsquo;on peut dire que\u00a0<strong>meyWash 300<\/strong>\u00a0demande une quantit\u00e9 d&rsquo;eau et de d\u00e9tergent 10 fois inf\u00e9rieure par rapport \u00e0 tous autres syst\u00e8me delavage manuel ou m\u00e9canis\u00e9 pr\u00e9sent aujourd&rsquo;hui sur le march\u00e9.<\/p>\n<p><b>Contr\u00f4le \u00e9lectronique<\/b><br \/>\nUn contr\u00f4le \u00e9lectronique sophistiqu\u00e9 permet le d\u00e9marrage graduel du moteur de la brosse, un nombre de tours parfaitement oncstant (1800) et le contr\u00f4le de surcharge signal\u00e9 par deux voyant indiquent la pression correcte de la brosse, que est r\u00e9glable par un bouton.<\/p>\n<p><b>Remplacement facile de la brosse<\/b><br \/>\nLa brosse se remplace en quelques sec. et sans outils: il suffit d&rsquo;enlever le support lat\u00e9ral et ensuite \u00f4ter la brosse par dessous.<\/p>\n<p><b>Connexion rapide<\/b><br \/>\nAu verso de al machine se trouve la connexion rapide pour mettre en service la fonction injection\/extraction. La poign\u00e9e de transport est pratiquer et \u00e0 la fonction d&rsquo;enrouleur de c\u00e2ble inf\u00e9rieur.<\/p>\n<p><b>Lavage des textiles et vitres<\/b><br \/>\nUn kit pratique d&rsquo;accessoires en option permet de laver \u00e0 injection\/extraction les surfaces en tissu comme chaises et canap\u00e9s.<br \/>\nOn enl\u00e8ve le tuyau aspirant et son applique le kit lavage, la machine est pr\u00eate.<\/p>\n<p><b>Lavage m\u00e9canis\u00e9 des tapis et moquet<\/b><strong>tes synthetiques<\/strong><br \/>\nL&rsquo;Auto Laveuse<strong>\u00a0meyWash 300<\/strong>\u00a0est \u00e9quip\u00e9 de suceurs lave-tapis, d&rsquo;une brosse souple et d&rsquo;un d\u00e9tergent d\u00e9odorant parfum\u00e9 Wirth Textile. Il se transforme en un parfait lave-moquette par son action m\u00e9canique et son s\u00e9chage optimal.<\/p>\n<p><b>Protection totale<\/b><br \/>\nLa machine est \u00e9quip\u00e9e d&rsquo;antichocs frontaux et de 4 rouleaux lat\u00e9raux en caoutchouc souple. Ceux-ci servent \u00e0 \u00e9viter d&rsquo;abimer les meubles et permettent de nettoyer \u00e0 ras des murs des deux c\u00f4t\u00e9s.<\/p>\n<p><b>Agile dans les d\u00e9placements<\/b><br \/>\nLa machine se d\u00e9place facilement et avec le maximum de maniabilit\u00e9 sur ses 4 roues en caoutchouc. La brosse disponible en plusieurs duret\u00e9s, est toujours uniform\u00e9ment mouill\u00e9e par une s\u00e9ries de buses. L&rsquo;aspiration est dans les deux directions et en m\u00eame temps.<\/p>\n<p><b>Transport sans probl\u00e8mes<\/b><br \/>\nLes quatre roues en caoutchouc et la possibilit\u00e9 d&rsquo;incliner la machine permettent de la transporter d&rsquo;un endroit \u00e0 un autre sans aucun probl\u00e8me. Son poids extr\u00eamement contenu et une pratique poign\u00e9e permettent de soulever et transporter la machine par les escaliers ou de la charger dans une voiture.<\/p>\n<p><b>Dom\u00e8nes d&rsquo;applications<\/b><br \/>\n<strong>MeyWash 300<\/strong>\u00a0peut travailler sur n&rsquo;importe quel type de sol dur dont les espaces vont de 50 \u00e0 500 m2. Quelques exemples d&rsquo;endroits adapt\u00e9s \u00e0 cette machine sont: restaurants, h\u00f4tels, magasins, bureaux, p\u00e2tisseries, boucheries, cuisine de restaurants, \u00e9coles, salles d&rsquo;op\u00e9rations, centres de bien-\u00eatre.<\/p>\n<p><b>Comandes a port\u00e9e de main<\/b><br \/>\nToutes les fonctions de la machine sont ind\u00e9pendantes et s\u00e9lectionnables sans \u00f4ter la main de la poign\u00e9e.<\/p>\n<p><strong>Brosses<\/strong><br \/>\n<strong>MeyWash 300<\/strong>\u00a0ne connaissent aucun obstable car elles s&rsquo;adaptent \u00e0 n&rsquo;importe quel type de sols: marbre, c\u00e9ramique, terre cuite, r\u00e9sine, quartz.<br \/>\nLe r\u00e9glage de la pression de la brosse (de s\u00e9rie) et une s\u00e9rie de brosse de diff\u00e9rentes duret\u00e9 sont disponible.<\/p>\n","protected":false},"excerpt":{"rendered":"<p><b>Les points forts:<\/b><\/p>\n<ul>\n<li>Puissance totale 900 W<\/li>\n<li>Moteur d\u2019aspiration et de brossage \u00e0 haut<br \/>\nrendement<\/li>\n<li>L&rsquo;appareil le plus l\u00e9ger du monde (10.2 kg)<\/li>\n<li>La base la plus basse (hauteur de seulement 14 cm)<\/li>\n<li>Auto Laveuse pour sols durs et tapis<\/li>\n<li>Nettoie, brosse et aspire dans les deux sens<\/li>\n<li>R\u00e9glage de la pression de la brosse<\/li>\n<li>Poids au niveau de la poign\u00e9e 1.3 kg<\/li>\n<li>Pompe de dosage du d\u00e9tergent<\/li>\n<li>Changement rapide et sans outils de la brosse et des suceurs pour le<br \/>\nkit nettoyage des tapis<\/li>\n<li>Accessoires pour le nettoyage des escaliers et des garnitures rembourr\u00e9es textiles<\/li>\n<\/ul>\n","protected":false},"featured_media":440,"comment_status":"open","ping_status":"closed","template":"","meta":[],"product_brand":[],"product_cat":[53],"product_tag":[],"class_list":{"0":"post-267","1":"product","2":"type-product","3":"status-publish","4":"has-post-thumbnail","6":"product_cat-auto-laveuse-pour-les-sols-lisses-et-les-tapis","8":"first","9":"instock","10":"taxable","11":"shipping-taxable","12":"purchasable","13":"product-type-simple"},"_links":{"self":[{"href":"https:\/\/wirth-produkte.ch\/fr\/wp-json\/wp\/v2\/product\/267","targetHints":{"allow":["GET"]}}],"collection":[{"href":"https:\/\/wirth-produkte.ch\/fr\/wp-json\/wp\/v2\/product"}],"about":[{"href":"https:\/\/wirth-produkte.ch\/fr\/wp-json\/wp\/v2\/types\/product"}],"replies":[{"embeddable":true,"href":"https:\/\/wirth-produkte.ch\/fr\/wp-json\/wp\/v2\/comments?post=267"}],"wp:featuredmedia":[{"embeddable":true,"href":"https:\/\/wirth-produkte.ch\/fr\/wp-json\/wp\/v2\/media\/440"}],"wp:attachment":[{"href":"https:\/\/wirth-produkte.ch\/fr\/wp-json\/wp\/v2\/media?parent=267"}],"wp:term":[{"taxonomy":"product_brand","embeddable":true,"href":"https:\/\/wirth-produkte.ch\/fr\/wp-json\/wp\/v2\/product_brand?post=267"},{"taxonomy":"product_cat","embeddable":true,"href":"https:\/\/wirth-produkte.ch\/fr\/wp-json\/wp\/v2\/product_cat?post=267"},{"taxonomy":"product_tag","embeddable":true,"href":"https:\/\/wirth-produkte.ch\/fr\/wp-json\/wp\/v2\/product_tag?post=267"}],"curies":[{"name":"wp","href":"https:\/\/api.w.org\/{rel}","templated":true}]}}