{"id":266,"date":"2017-08-12T15:53:35","date_gmt":"2017-08-12T15:53:35","guid":{"rendered":"http:\/\/new.wirth-produkte.ch\/produkt\/produit-de-nettoyage-pour-la-restauration-et-tous-usages\/"},"modified":"2020-05-24T18:33:53","modified_gmt":"2020-05-24T17:33:53","slug":"produit-de-nettoyage-pour-la-restauration-et-tous-usages","status":"publish","type":"product","link":"https:\/\/wirth-produkte.ch\/fr\/produit\/produit-de-nettoyage-pour-la-restauration-et-tous-usages\/","title":{"rendered":"Produit de nettoyage pour  la restauration et tous usages"},"content":{"rendered":"<p>Le produit de nettoyage Wirth pour la restauration peut \u00eatre utilis\u00e9 avec l&rsquo;autolaveuse Wirth sur les sols en plastique, PVC, pierre naturelle, pierre artificielle, dalles en argile, b\u00e9ton dur et briques recuites. Le produit de nettoyage Wirth pour la restauration a \u00e9t\u00e9 con\u00e7u pour \u00e9liminer les salissures grasses et huileuses. Il convient parfaitement \u00e0 l&rsquo;industrie alimentaire et pour nettoyer les cuisines. Ce produit sans solvant peut aussi \u00eatre utilis\u00e9 pour le lavage \u00e0 la main. Il convient particuli\u00e8rement au nettoyage des friteuses, machines, murs et a\u00e9rations.<\/p>\n","protected":false},"excerpt":{"rendered":"<p>Le produit de nettoyage Wirth pour la restauration peut \u00eatre utilis\u00e9 avec l&rsquo;autolaveuse Wirth sur les sols en plastique, PVC, pierre naturelle, pierre artificielle, dalles en argile, b\u00e9ton dur et briques recuites. Le produit de nettoyage Wirth pour la restauration a \u00e9t\u00e9 con\u00e7u pour \u00e9liminer les salissures grasses et huileuses. Il convient parfaitement \u00e0 l&rsquo;industrie<\/p>\n","protected":false},"featured_media":564,"comment_status":"open","ping_status":"closed","template":"","meta":[],"product_brand":[],"product_cat":[50],"product_tag":[],"class_list":{"0":"post-266","1":"product","2":"type-product","3":"status-publish","4":"has-post-thumbnail","6":"product_cat-produits-chimiques","7":"product_shipping_class-16-chf-fr","9":"first","10":"instock","11":"taxable","12":"shipping-taxable","13":"purchasable","14":"product-type-simple"},"_links":{"self":[{"href":"https:\/\/wirth-produkte.ch\/fr\/wp-json\/wp\/v2\/product\/266","targetHints":{"allow":["GET"]}}],"collection":[{"href":"https:\/\/wirth-produkte.ch\/fr\/wp-json\/wp\/v2\/product"}],"about":[{"href":"https:\/\/wirth-produkte.ch\/fr\/wp-json\/wp\/v2\/types\/product"}],"replies":[{"embeddable":true,"href":"https:\/\/wirth-produkte.ch\/fr\/wp-json\/wp\/v2\/comments?post=266"}],"wp:featuredmedia":[{"embeddable":true,"href":"https:\/\/wirth-produkte.ch\/fr\/wp-json\/wp\/v2\/media\/564"}],"wp:attachment":[{"href":"https:\/\/wirth-produkte.ch\/fr\/wp-json\/wp\/v2\/media?parent=266"}],"wp:term":[{"taxonomy":"product_brand","embeddable":true,"href":"https:\/\/wirth-produkte.ch\/fr\/wp-json\/wp\/v2\/product_brand?post=266"},{"taxonomy":"product_cat","embeddable":true,"href":"https:\/\/wirth-produkte.ch\/fr\/wp-json\/wp\/v2\/product_cat?post=266"},{"taxonomy":"product_tag","embeddable":true,"href":"https:\/\/wirth-produkte.ch\/fr\/wp-json\/wp\/v2\/product_tag?post=266"}],"curies":[{"name":"wp","href":"https:\/\/api.w.org\/{rel}","templated":true}]}}