{"id":255,"date":"2017-09-10T14:05:05","date_gmt":"2017-09-10T14:05:05","guid":{"rendered":"http:\/\/new.wirth-produkte.ch\/produkt\/rouleau-de-brosse-complet-pour-auto-laveuse-pour-les-sols-lisses-et-les-tapis-wash-30\/"},"modified":"2020-05-24T15:56:19","modified_gmt":"2020-05-24T14:56:19","slug":"rouleau-de-brosse-complet-pour-auto-laveuse-pour-les-sols-lisses-et-les-tapis-wash-30","status":"publish","type":"product","link":"https:\/\/wirth-produkte.ch\/fr\/produit\/rouleau-de-brosse-complet-pour-auto-laveuse-pour-les-sols-lisses-et-les-tapis-wash-30\/","title":{"rendered":"Rouleau de brosse complet pour Auto Laveuse pour les sols lisses et les tapis meyWash 300"},"content":{"rendered":"<p>Le rouleau de brosse tourne \u00e0 grande vitesse. Il dispose de poils qui frottent et enl\u00e8vent la salet\u00e9 des surfaces dures et des moquettes. Le rouleau de brosse vous facilite le travail en d\u00e9multipliant l\u2019effet nettoyant.<\/p>\n","protected":false},"excerpt":{"rendered":"<p>un pi\u00e8ce<\/p>\n","protected":false},"featured_media":503,"comment_status":"closed","ping_status":"closed","template":"","meta":[],"product_brand":[],"product_cat":[55],"product_tag":[],"class_list":{"0":"post-255","1":"product","2":"type-product","3":"status-publish","4":"has-post-thumbnail","6":"product_cat-rouleaux-de-brosse","7":"product_shipping_class-9-chf-fr","9":"first","10":"instock","11":"taxable","12":"shipping-taxable","13":"purchasable","14":"product-type-simple"},"_links":{"self":[{"href":"https:\/\/wirth-produkte.ch\/fr\/wp-json\/wp\/v2\/product\/255","targetHints":{"allow":["GET"]}}],"collection":[{"href":"https:\/\/wirth-produkte.ch\/fr\/wp-json\/wp\/v2\/product"}],"about":[{"href":"https:\/\/wirth-produkte.ch\/fr\/wp-json\/wp\/v2\/types\/product"}],"replies":[{"embeddable":true,"href":"https:\/\/wirth-produkte.ch\/fr\/wp-json\/wp\/v2\/comments?post=255"}],"wp:featuredmedia":[{"embeddable":true,"href":"https:\/\/wirth-produkte.ch\/fr\/wp-json\/wp\/v2\/media\/503"}],"wp:attachment":[{"href":"https:\/\/wirth-produkte.ch\/fr\/wp-json\/wp\/v2\/media?parent=255"}],"wp:term":[{"taxonomy":"product_brand","embeddable":true,"href":"https:\/\/wirth-produkte.ch\/fr\/wp-json\/wp\/v2\/product_brand?post=255"},{"taxonomy":"product_cat","embeddable":true,"href":"https:\/\/wirth-produkte.ch\/fr\/wp-json\/wp\/v2\/product_cat?post=255"},{"taxonomy":"product_tag","embeddable":true,"href":"https:\/\/wirth-produkte.ch\/fr\/wp-json\/wp\/v2\/product_tag?post=255"}],"curies":[{"name":"wp","href":"https:\/\/api.w.org\/{rel}","templated":true}]}}