{"id":249,"date":"2017-09-10T14:10:46","date_gmt":"2017-09-10T14:10:46","guid":{"rendered":"http:\/\/new.wirth-produkte.ch\/produkt\/courroie-plate-pour-wirth-jet\/"},"modified":"2020-05-24T16:24:43","modified_gmt":"2020-05-24T15:24:43","slug":"courroie-plate-pour-wirth-jet","status":"publish","type":"product","link":"https:\/\/wirth-produkte.ch\/fr\/produit\/courroie-plate-pour-wirth-jet\/","title":{"rendered":"Courroie plate pour Wirth-Jet"},"content":{"rendered":"<p>La fonction principale de la courroie de transmission consiste \u00e0 mettre en mouvement la brosse \u00e0 rouleau. La courroie de transmission est pos\u00e9e sur l\u2019arbre d\u2019entra\u00eenement et tir\u00e9e sur la brosse \u00e0 rouleau.<\/p>\n","protected":false},"excerpt":{"rendered":"<p>un pi\u00e8ce<\/p>\n","protected":false},"featured_media":535,"comment_status":"closed","ping_status":"closed","template":"","meta":[],"product_brand":[],"product_cat":[56],"product_tag":[],"class_list":{"0":"post-249","1":"product","2":"type-product","3":"status-publish","4":"has-post-thumbnail","6":"product_cat-courroies-plates","8":"first","9":"instock","10":"taxable","11":"shipping-taxable","12":"purchasable","13":"product-type-simple"},"_links":{"self":[{"href":"https:\/\/wirth-produkte.ch\/fr\/wp-json\/wp\/v2\/product\/249","targetHints":{"allow":["GET"]}}],"collection":[{"href":"https:\/\/wirth-produkte.ch\/fr\/wp-json\/wp\/v2\/product"}],"about":[{"href":"https:\/\/wirth-produkte.ch\/fr\/wp-json\/wp\/v2\/types\/product"}],"replies":[{"embeddable":true,"href":"https:\/\/wirth-produkte.ch\/fr\/wp-json\/wp\/v2\/comments?post=249"}],"wp:featuredmedia":[{"embeddable":true,"href":"https:\/\/wirth-produkte.ch\/fr\/wp-json\/wp\/v2\/media\/535"}],"wp:attachment":[{"href":"https:\/\/wirth-produkte.ch\/fr\/wp-json\/wp\/v2\/media?parent=249"}],"wp:term":[{"taxonomy":"product_brand","embeddable":true,"href":"https:\/\/wirth-produkte.ch\/fr\/wp-json\/wp\/v2\/product_brand?post=249"},{"taxonomy":"product_cat","embeddable":true,"href":"https:\/\/wirth-produkte.ch\/fr\/wp-json\/wp\/v2\/product_cat?post=249"},{"taxonomy":"product_tag","embeddable":true,"href":"https:\/\/wirth-produkte.ch\/fr\/wp-json\/wp\/v2\/product_tag?post=249"}],"curies":[{"name":"wp","href":"https:\/\/api.w.org\/{rel}","templated":true}]}}