{"id":248,"date":"2017-09-10T14:12:12","date_gmt":"2017-09-10T14:12:12","guid":{"rendered":"http:\/\/new.wirth-produkte.ch\/produkt\/produit-de-nettoyage-pour-lindustrie-et-tous-usages\/"},"modified":"2020-05-24T18:36:16","modified_gmt":"2020-05-24T17:36:16","slug":"produit-de-nettoyage-pour-lindustrie-et-tous-usages","status":"publish","type":"product","link":"https:\/\/wirth-produkte.ch\/fr\/produit\/produit-de-nettoyage-pour-lindustrie-et-tous-usages\/","title":{"rendered":"Produit de nettoyage pour  l&rsquo;industrie et tous usages"},"content":{"rendered":"<p>Le produit de nettoyage Wirth pour l&rsquo;industrie peut \u00eatre utilis\u00e9 avec l&rsquo;autolaveuse Wirth sur les sols en plastique, PVC, pierre naturelle, pierre artificielle, dalles en argile, b\u00e9ton dur et briques recuites. Le produit de nettoyage Wirth pour l&rsquo;industrie a \u00e9t\u00e9 con\u00e7u pour \u00e9liminer les salissures grasses et huileuses. Il convient parfaitement pour nettoyer le sol des garages, entrep\u00f4ts et ateliers. Ce produit sans solvant peut aussi \u00eatre utilis\u00e9 pour le lavage \u00e0 la main. Il convient particuli\u00e8rement au nettoyage des machines, murs et a\u00e9rations.<\/p>\n","protected":false},"excerpt":{"rendered":"<p>Le produit de nettoyage Wirth pour l&rsquo;industrie peut \u00eatre utilis\u00e9 avec l&rsquo;autolaveuse Wirth sur les sols en plastique, PVC, pierre naturelle, pierre artificielle, dalles en argile, b\u00e9ton dur et briques recuites. Le produit de nettoyage Wirth pour l&rsquo;industrie a \u00e9t\u00e9 con\u00e7u pour \u00e9liminer les salissures grasses et huileuses. Il convient parfaitement pour nettoyer le sol<\/p>\n","protected":false},"featured_media":566,"comment_status":"closed","ping_status":"closed","template":"","meta":[],"product_brand":[],"product_cat":[50],"product_tag":[],"class_list":{"0":"post-248","1":"product","2":"type-product","3":"status-publish","4":"has-post-thumbnail","6":"product_cat-produits-chimiques","7":"product_shipping_class-16-chf-fr","9":"first","10":"instock","11":"taxable","12":"shipping-taxable","13":"purchasable","14":"product-type-simple"},"_links":{"self":[{"href":"https:\/\/wirth-produkte.ch\/fr\/wp-json\/wp\/v2\/product\/248","targetHints":{"allow":["GET"]}}],"collection":[{"href":"https:\/\/wirth-produkte.ch\/fr\/wp-json\/wp\/v2\/product"}],"about":[{"href":"https:\/\/wirth-produkte.ch\/fr\/wp-json\/wp\/v2\/types\/product"}],"replies":[{"embeddable":true,"href":"https:\/\/wirth-produkte.ch\/fr\/wp-json\/wp\/v2\/comments?post=248"}],"wp:featuredmedia":[{"embeddable":true,"href":"https:\/\/wirth-produkte.ch\/fr\/wp-json\/wp\/v2\/media\/566"}],"wp:attachment":[{"href":"https:\/\/wirth-produkte.ch\/fr\/wp-json\/wp\/v2\/media?parent=248"}],"wp:term":[{"taxonomy":"product_brand","embeddable":true,"href":"https:\/\/wirth-produkte.ch\/fr\/wp-json\/wp\/v2\/product_brand?post=248"},{"taxonomy":"product_cat","embeddable":true,"href":"https:\/\/wirth-produkte.ch\/fr\/wp-json\/wp\/v2\/product_cat?post=248"},{"taxonomy":"product_tag","embeddable":true,"href":"https:\/\/wirth-produkte.ch\/fr\/wp-json\/wp\/v2\/product_tag?post=248"}],"curies":[{"name":"wp","href":"https:\/\/api.w.org\/{rel}","templated":true}]}}