{"id":245,"date":"2017-09-10T14:15:47","date_gmt":"2017-09-10T14:15:47","guid":{"rendered":"http:\/\/new.wirth-produkte.ch\/produkt\/concentre-dextraction\/"},"modified":"2020-05-24T18:31:40","modified_gmt":"2020-05-24T17:31:40","slug":"concentre-dextraction","status":"publish","type":"product","link":"https:\/\/wirth-produkte.ch\/fr\/produit\/concentre-dextraction\/","title":{"rendered":"Concentr\u00e9 d&rsquo;extraction"},"content":{"rendered":"<p>Le concentr\u00e9 d\u2019extraction Wirth est un produitcomplet<br \/>\npas besoin d\u2019additifs contenant:<br \/>\n&#8211; un excellent d\u00e9tergent<br \/>\n&#8211; un \u00e9mulsifiant pour salissures et taches solubles dans l\u2019huile et dans l\u2019eau<br \/>\n&#8211; l\u2019agent antimousse Wirth (d\u00e9s\u00e9mulsifiant)<\/p>\n<p>Le concentr\u00e9 d\u2019extraction Wirth fait tout:<br \/>\n&#8211; il rafra\u00eechit, nettoie et assouplit les tapis<br \/>\n&#8211; c\u2019est un remarquable d\u00e9tergent qui \u00e9limine rapidement toutes les taches pour sols non-textiles<\/p>\n<p>Il peut \u00eatre employ\u00e9 dans n\u2019importe quel appareil d\u2019extraction (appareils \u00e0 buses et \u00e0 aspirations)<\/p>\n<p>Mode d\u2019emploi<br \/>\nAvant d\u2019utiliser le concentr\u00e9 d\u2019extraction Wirth, v\u00e9rifier \u00e0 un endroit inapparent du tissu la solidit\u00e9 de ses couleurs<br \/>\n1. Ajouter 2 dl de concentr\u00e9 d\u2019extraction Wirth \u00e0 10 litres d\u2019eau<br \/>\n2. Nettoyer tapis et meubles rembourr\u00e9s de la mani\u00e8re habituelle<br \/>\n3. Ne placez pas les meubles sur les tapis humides <\/p>\n<p>pour tous les appareils d&rsquo;aspiration et de bec. <\/p>\n<p>Pour nettoyer les tapis 1:50, pour les sols lisses 1:200<\/p>\n","protected":false},"excerpt":{"rendered":"<p>Le concentr\u00e9 d\u2019extraction Wirth est un produitcomplet pas besoin d\u2019additifs contenant: &#8211; un excellent d\u00e9tergent &#8211; un \u00e9mulsifiant pour salissures et taches solubles dans l\u2019huile et dans l\u2019eau &#8211; l\u2019agent antimousse Wirth (d\u00e9s\u00e9mulsifiant) Le concentr\u00e9 d\u2019extraction Wirth fait tout: &#8211; il rafra\u00eechit, nettoie et assouplit les tapis &#8211; c\u2019est un remarquable d\u00e9tergent qui \u00e9limine rapidement<\/p>\n","protected":false},"featured_media":570,"comment_status":"closed","ping_status":"closed","template":"","meta":[],"product_brand":[],"product_cat":[50],"product_tag":[],"class_list":{"0":"post-245","1":"product","2":"type-product","3":"status-publish","4":"has-post-thumbnail","6":"product_cat-produits-chimiques","7":"product_shipping_class-16-chf-fr","9":"first","10":"instock","11":"taxable","12":"shipping-taxable","13":"purchasable","14":"product-type-variable"},"_links":{"self":[{"href":"https:\/\/wirth-produkte.ch\/fr\/wp-json\/wp\/v2\/product\/245","targetHints":{"allow":["GET"]}}],"collection":[{"href":"https:\/\/wirth-produkte.ch\/fr\/wp-json\/wp\/v2\/product"}],"about":[{"href":"https:\/\/wirth-produkte.ch\/fr\/wp-json\/wp\/v2\/types\/product"}],"replies":[{"embeddable":true,"href":"https:\/\/wirth-produkte.ch\/fr\/wp-json\/wp\/v2\/comments?post=245"}],"wp:featuredmedia":[{"embeddable":true,"href":"https:\/\/wirth-produkte.ch\/fr\/wp-json\/wp\/v2\/media\/570"}],"wp:attachment":[{"href":"https:\/\/wirth-produkte.ch\/fr\/wp-json\/wp\/v2\/media?parent=245"}],"wp:term":[{"taxonomy":"product_brand","embeddable":true,"href":"https:\/\/wirth-produkte.ch\/fr\/wp-json\/wp\/v2\/product_brand?post=245"},{"taxonomy":"product_cat","embeddable":true,"href":"https:\/\/wirth-produkte.ch\/fr\/wp-json\/wp\/v2\/product_cat?post=245"},{"taxonomy":"product_tag","embeddable":true,"href":"https:\/\/wirth-produkte.ch\/fr\/wp-json\/wp\/v2\/product_tag?post=245"}],"curies":[{"name":"wp","href":"https:\/\/api.w.org\/{rel}","templated":true}]}}