{"id":237,"date":"2017-09-10T14:33:25","date_gmt":"2017-09-10T14:33:25","guid":{"rendered":"http:\/\/new.wirth-produkte.ch\/produkt\/deodorant\/"},"modified":"2020-05-24T17:36:41","modified_gmt":"2020-05-24T16:36:41","slug":"deodorant","status":"publish","type":"product","link":"https:\/\/wirth-produkte.ch\/fr\/produit\/deodorant\/","title":{"rendered":"D\u00e9odorant"},"content":{"rendered":"<p>30 ml Wirth D\u00e9odorant pour 4 litre nettoyage de shampooing.<br \/>\nPour d\u00e9odorant espace: 60 ml D\u00e9odorant pour 1 litre d\u2019eau, utiliser et vaporiser dans l\u2019air.<br \/>\nPour humidificateur, joindre quelques gicl\u00e9es.<\/p>\n","protected":false},"excerpt":{"rendered":"<p>30 ml Wirth D\u00e9odorant pour 4 litre nettoyage de shampooing. Pour d\u00e9odorant espace: 60 ml D\u00e9odorant pour 1 litre d\u2019eau, utiliser et vaporiser dans l\u2019air. Pour humidificateur, joindre quelques gicl\u00e9es.<\/p>\n","protected":false},"featured_media":637,"comment_status":"closed","ping_status":"closed","template":"","meta":[],"product_brand":[],"product_cat":[50],"product_tag":[],"class_list":{"0":"post-237","1":"product","2":"type-product","3":"status-publish","4":"has-post-thumbnail","6":"product_cat-produits-chimiques","7":"product_shipping_class-9-chf-fr","9":"first","10":"instock","11":"taxable","12":"shipping-taxable","13":"purchasable","14":"product-type-simple"},"_links":{"self":[{"href":"https:\/\/wirth-produkte.ch\/fr\/wp-json\/wp\/v2\/product\/237","targetHints":{"allow":["GET"]}}],"collection":[{"href":"https:\/\/wirth-produkte.ch\/fr\/wp-json\/wp\/v2\/product"}],"about":[{"href":"https:\/\/wirth-produkte.ch\/fr\/wp-json\/wp\/v2\/types\/product"}],"replies":[{"embeddable":true,"href":"https:\/\/wirth-produkte.ch\/fr\/wp-json\/wp\/v2\/comments?post=237"}],"wp:featuredmedia":[{"embeddable":true,"href":"https:\/\/wirth-produkte.ch\/fr\/wp-json\/wp\/v2\/media\/637"}],"wp:attachment":[{"href":"https:\/\/wirth-produkte.ch\/fr\/wp-json\/wp\/v2\/media?parent=237"}],"wp:term":[{"taxonomy":"product_brand","embeddable":true,"href":"https:\/\/wirth-produkte.ch\/fr\/wp-json\/wp\/v2\/product_brand?post=237"},{"taxonomy":"product_cat","embeddable":true,"href":"https:\/\/wirth-produkte.ch\/fr\/wp-json\/wp\/v2\/product_cat?post=237"},{"taxonomy":"product_tag","embeddable":true,"href":"https:\/\/wirth-produkte.ch\/fr\/wp-json\/wp\/v2\/product_tag?post=237"}],"curies":[{"name":"wp","href":"https:\/\/api.w.org\/{rel}","templated":true}]}}