{"id":236,"date":"2017-09-10T14:33:53","date_gmt":"2017-09-10T14:33:53","guid":{"rendered":"http:\/\/new.wirth-produkte.ch\/produkt\/traffic-spotter\/"},"modified":"2020-05-24T17:40:27","modified_gmt":"2020-05-24T16:40:27","slug":"traffic-spotter","status":"publish","type":"product","link":"https:\/\/wirth-produkte.ch\/fr\/produit\/traffic-spotter\/","title":{"rendered":"D\u00e9tachant"},"content":{"rendered":"<p>Pr\u00eat \u00e0 l&#8217;emploi, d\u00e9tergent universel pour \u00e9liminer les plus haute salissures m\u00e9nag\u00e8res, industrielles et de l&rsquo;industrie. Pour toutes textiles r\u00e9sistants \u00e0 l&rsquo;eau,<br \/>\nr\u00e9sistants \u00e0 l\u2019alcalinit\u00e9, tapis, les rev\u00eatements de sol, surfaces, \u00e9quipements et v\u00e9hicules. Nettoie les \u00e9quipements de bain et de cuisine.<\/p>\n","protected":false},"excerpt":{"rendered":"<p>Pr\u00eat \u00e0 l&#8217;emploi, d\u00e9tergent universel pour \u00e9liminer les plus haute salissures m\u00e9nag\u00e8res, industrielles et de l&rsquo;industrie. Pour toutes textiles r\u00e9sistants \u00e0 l&rsquo;eau, r\u00e9sistants \u00e0 l\u2019alcalinit\u00e9, tapis, les rev\u00eatements de sol, surfaces, \u00e9quipements et v\u00e9hicules. Nettoie les \u00e9quipements de bain et de cuisine.<\/p>\n","protected":false},"featured_media":635,"comment_status":"closed","ping_status":"closed","template":"","meta":[],"product_brand":[],"product_cat":[50],"product_tag":[],"class_list":{"0":"post-236","1":"product","2":"type-product","3":"status-publish","4":"has-post-thumbnail","6":"product_cat-produits-chimiques","7":"product_shipping_class-9-chf-fr","9":"first","10":"instock","11":"taxable","12":"shipping-taxable","13":"purchasable","14":"product-type-simple"},"_links":{"self":[{"href":"https:\/\/wirth-produkte.ch\/fr\/wp-json\/wp\/v2\/product\/236","targetHints":{"allow":["GET"]}}],"collection":[{"href":"https:\/\/wirth-produkte.ch\/fr\/wp-json\/wp\/v2\/product"}],"about":[{"href":"https:\/\/wirth-produkte.ch\/fr\/wp-json\/wp\/v2\/types\/product"}],"replies":[{"embeddable":true,"href":"https:\/\/wirth-produkte.ch\/fr\/wp-json\/wp\/v2\/comments?post=236"}],"wp:featuredmedia":[{"embeddable":true,"href":"https:\/\/wirth-produkte.ch\/fr\/wp-json\/wp\/v2\/media\/635"}],"wp:attachment":[{"href":"https:\/\/wirth-produkte.ch\/fr\/wp-json\/wp\/v2\/media?parent=236"}],"wp:term":[{"taxonomy":"product_brand","embeddable":true,"href":"https:\/\/wirth-produkte.ch\/fr\/wp-json\/wp\/v2\/product_brand?post=236"},{"taxonomy":"product_cat","embeddable":true,"href":"https:\/\/wirth-produkte.ch\/fr\/wp-json\/wp\/v2\/product_cat?post=236"},{"taxonomy":"product_tag","embeddable":true,"href":"https:\/\/wirth-produkte.ch\/fr\/wp-json\/wp\/v2\/product_tag?post=236"}],"curies":[{"name":"wp","href":"https:\/\/api.w.org\/{rel}","templated":true}]}}