{"id":232,"date":"2017-09-10T14:36:48","date_gmt":"2017-09-10T14:36:48","guid":{"rendered":"http:\/\/new.wirth-produkte.ch\/produkt\/timber-clean-mop-velcro\/"},"modified":"2017-09-10T14:36:48","modified_gmt":"2017-09-10T14:36:48","slug":"timber-clean-mop-velcro","status":"publish","type":"product","link":"https:\/\/wirth-produkte.ch\/fr\/produit\/timber-clean-mop-velcro\/","title":{"rendered":"Timber Clean-Mop velcro"},"content":{"rendered":"<p>Convient pour les parquets huil\u00e9s, les parquets vitrifi\u00e9s et les stratifi\u00e9s<\/p>\n","protected":false},"excerpt":{"rendered":"<ul>\n<li>50% coton et<\/li>\n<li>50% polyester<\/li>\n<li>Lavable jusqu\u2019\u00e0 60\u00b0<\/li>\n<li>Tr\u00e8s hygi\u00e9nique<\/li>\n<\/ul>\n","protected":false},"featured_media":525,"comment_status":"closed","ping_status":"closed","template":"","meta":[],"product_brand":[],"product_cat":[58],"product_tag":[],"class_list":{"0":"post-232","1":"product","2":"type-product","3":"status-publish","4":"has-post-thumbnail","6":"product_cat-accessoires-2","7":"product_shipping_class-9-chf-fr","9":"first","10":"instock","11":"taxable","12":"shipping-taxable","13":"purchasable","14":"product-type-simple"},"_links":{"self":[{"href":"https:\/\/wirth-produkte.ch\/fr\/wp-json\/wp\/v2\/product\/232","targetHints":{"allow":["GET"]}}],"collection":[{"href":"https:\/\/wirth-produkte.ch\/fr\/wp-json\/wp\/v2\/product"}],"about":[{"href":"https:\/\/wirth-produkte.ch\/fr\/wp-json\/wp\/v2\/types\/product"}],"replies":[{"embeddable":true,"href":"https:\/\/wirth-produkte.ch\/fr\/wp-json\/wp\/v2\/comments?post=232"}],"wp:featuredmedia":[{"embeddable":true,"href":"https:\/\/wirth-produkte.ch\/fr\/wp-json\/wp\/v2\/media\/525"}],"wp:attachment":[{"href":"https:\/\/wirth-produkte.ch\/fr\/wp-json\/wp\/v2\/media?parent=232"}],"wp:term":[{"taxonomy":"product_brand","embeddable":true,"href":"https:\/\/wirth-produkte.ch\/fr\/wp-json\/wp\/v2\/product_brand?post=232"},{"taxonomy":"product_cat","embeddable":true,"href":"https:\/\/wirth-produkte.ch\/fr\/wp-json\/wp\/v2\/product_cat?post=232"},{"taxonomy":"product_tag","embeddable":true,"href":"https:\/\/wirth-produkte.ch\/fr\/wp-json\/wp\/v2\/product_tag?post=232"}],"curies":[{"name":"wp","href":"https:\/\/api.w.org\/{rel}","templated":true}]}}