{"id":230,"date":"2017-09-10T14:37:57","date_gmt":"2017-09-10T14:37:57","guid":{"rendered":"http:\/\/new.wirth-produkte.ch\/produkt\/cluster-poly-mop-pochettes\/"},"modified":"2017-09-25T18:22:16","modified_gmt":"2017-09-25T18:22:16","slug":"cluster-poly-mop-pochettes","status":"publish","type":"product","link":"https:\/\/wirth-produkte.ch\/fr\/produit\/cluster-poly-mop-pochettes\/","title":{"rendered":"Cluster Poly-Mop pochettes"},"content":{"rendered":"<p>Convient pour les surfaces structur\u00e9es: dallages et carrelages<\/p>\n","protected":false},"excerpt":{"rendered":"<ul>\n<li>Microfibres 100% polyester<\/li>\n<li>Clusters int\u00e9gr\u00e9s en polypropyl\u00e8ne<\/li>\n<li>Avec franges ext\u00e9rieures en polyester<\/li>\n<li>Avec couverture et pochettes<\/li>\n<li>Avec non-tiss\u00e9 en viscose int\u00e9gr\u00e9 pour une absorption optimale de l&rsquo;eau<\/li>\n<li>Lavable jusqu\u2019\u00e0 90\u00b0<\/li>\n<li>Tr\u00e8s hygi\u00e9nique<\/li>\n<\/ul>\n","protected":false},"featured_media":521,"comment_status":"closed","ping_status":"closed","template":"","meta":[],"product_brand":[],"product_cat":[58],"product_tag":[],"class_list":{"0":"post-230","1":"product","2":"type-product","3":"status-publish","4":"has-post-thumbnail","6":"product_cat-accessoires-2","7":"product_shipping_class-9-chf-fr","9":"first","10":"instock","11":"taxable","12":"shipping-taxable","13":"purchasable","14":"product-type-simple"},"_links":{"self":[{"href":"https:\/\/wirth-produkte.ch\/fr\/wp-json\/wp\/v2\/product\/230","targetHints":{"allow":["GET"]}}],"collection":[{"href":"https:\/\/wirth-produkte.ch\/fr\/wp-json\/wp\/v2\/product"}],"about":[{"href":"https:\/\/wirth-produkte.ch\/fr\/wp-json\/wp\/v2\/types\/product"}],"replies":[{"embeddable":true,"href":"https:\/\/wirth-produkte.ch\/fr\/wp-json\/wp\/v2\/comments?post=230"}],"wp:featuredmedia":[{"embeddable":true,"href":"https:\/\/wirth-produkte.ch\/fr\/wp-json\/wp\/v2\/media\/521"}],"wp:attachment":[{"href":"https:\/\/wirth-produkte.ch\/fr\/wp-json\/wp\/v2\/media?parent=230"}],"wp:term":[{"taxonomy":"product_brand","embeddable":true,"href":"https:\/\/wirth-produkte.ch\/fr\/wp-json\/wp\/v2\/product_brand?post=230"},{"taxonomy":"product_cat","embeddable":true,"href":"https:\/\/wirth-produkte.ch\/fr\/wp-json\/wp\/v2\/product_cat?post=230"},{"taxonomy":"product_tag","embeddable":true,"href":"https:\/\/wirth-produkte.ch\/fr\/wp-json\/wp\/v2\/product_tag?post=230"}],"curies":[{"name":"wp","href":"https:\/\/api.w.org\/{rel}","templated":true}]}}