{"id":227,"date":"2017-09-10T14:39:46","date_gmt":"2017-09-10T14:39:46","guid":{"rendered":"http:\/\/new.wirth-produkte.ch\/produkt\/support-pour-balai-a-franges-plat\/"},"modified":"2017-09-10T14:39:46","modified_gmt":"2017-09-10T14:39:46","slug":"support-pour-balai-a-franges-plat","status":"publish","type":"product","link":"https:\/\/wirth-produkte.ch\/fr\/produit\/support-pour-balai-a-franges-plat\/","title":{"rendered":"Support pour balai \u00e0 franges plat"},"content":{"rendered":"<p>Support pour balai \u00e0 franges plat d&rsquo;un faible poids, en mati\u00e8re plastique stable<\/p>\n","protected":false},"excerpt":{"rendered":"<p>Support pour balai \u00e0 franges plat d&rsquo;un faible poids, en mati\u00e8re plastique stable<\/p>\n","protected":false},"featured_media":553,"comment_status":"closed","ping_status":"closed","template":"","meta":[],"product_brand":[],"product_cat":[58],"product_tag":[],"class_list":{"0":"post-227","1":"product","2":"type-product","3":"status-publish","4":"has-post-thumbnail","6":"product_cat-accessoires-2","7":"product_shipping_class-9-chf-fr","9":"first","10":"instock","11":"taxable","12":"shipping-taxable","13":"purchasable","14":"product-type-simple"},"_links":{"self":[{"href":"https:\/\/wirth-produkte.ch\/fr\/wp-json\/wp\/v2\/product\/227","targetHints":{"allow":["GET"]}}],"collection":[{"href":"https:\/\/wirth-produkte.ch\/fr\/wp-json\/wp\/v2\/product"}],"about":[{"href":"https:\/\/wirth-produkte.ch\/fr\/wp-json\/wp\/v2\/types\/product"}],"replies":[{"embeddable":true,"href":"https:\/\/wirth-produkte.ch\/fr\/wp-json\/wp\/v2\/comments?post=227"}],"wp:featuredmedia":[{"embeddable":true,"href":"https:\/\/wirth-produkte.ch\/fr\/wp-json\/wp\/v2\/media\/553"}],"wp:attachment":[{"href":"https:\/\/wirth-produkte.ch\/fr\/wp-json\/wp\/v2\/media?parent=227"}],"wp:term":[{"taxonomy":"product_brand","embeddable":true,"href":"https:\/\/wirth-produkte.ch\/fr\/wp-json\/wp\/v2\/product_brand?post=227"},{"taxonomy":"product_cat","embeddable":true,"href":"https:\/\/wirth-produkte.ch\/fr\/wp-json\/wp\/v2\/product_cat?post=227"},{"taxonomy":"product_tag","embeddable":true,"href":"https:\/\/wirth-produkte.ch\/fr\/wp-json\/wp\/v2\/product_tag?post=227"}],"curies":[{"name":"wp","href":"https:\/\/api.w.org\/{rel}","templated":true}]}}