{"id":221,"date":"2017-09-10T14:42:17","date_gmt":"2017-09-10T14:42:17","guid":{"rendered":"http:\/\/new.wirth-produkte.ch\/produkt\/detergent-brillant\/"},"modified":"2020-05-24T17:44:59","modified_gmt":"2020-05-24T16:44:59","slug":"detergent-brillant","status":"publish","type":"product","link":"https:\/\/wirth-produkte.ch\/fr\/produit\/detergent-brillant\/","title":{"rendered":"Nettoyant brillant"},"content":{"rendered":"<p>Le concentr\u00e9 de nettoyage est applicable pour tous les rev\u00eatements de sols r\u00e9sistants \u00e0 l\u2019eau, et enl\u00e8ve toute salet\u00e9, m\u00eame les plus coriaces. Ne laisse aucune<br \/>\ntrace gr\u00e2ce \u00e0 l\u2019additif d\u2019alcohol. L\u2019odeur du produit est tr\u00e8s refra\u00eechissante.<\/p>\n","protected":false},"excerpt":{"rendered":"<p>Le concentr\u00e9 de nettoyage est applicable pour tous les rev\u00eatements de sols r\u00e9sistants \u00e0 l\u2019eau, et enl\u00e8ve toute salet\u00e9, m\u00eame les plus coriaces. Ne laisse aucune trace gr\u00e2ce \u00e0 l\u2019additif d\u2019alcohol. L\u2019odeur du produit est tr\u00e8s refra\u00eechissante.<\/p>\n","protected":false},"featured_media":667,"comment_status":"closed","ping_status":"closed","template":"","meta":[],"product_brand":[],"product_cat":[50],"product_tag":[],"class_list":{"0":"post-221","1":"product","2":"type-product","3":"status-publish","4":"has-post-thumbnail","6":"product_cat-produits-chimiques","7":"product_shipping_class-9-chf-fr","9":"first","10":"instock","11":"taxable","12":"shipping-taxable","13":"purchasable","14":"product-type-simple"},"_links":{"self":[{"href":"https:\/\/wirth-produkte.ch\/fr\/wp-json\/wp\/v2\/product\/221","targetHints":{"allow":["GET"]}}],"collection":[{"href":"https:\/\/wirth-produkte.ch\/fr\/wp-json\/wp\/v2\/product"}],"about":[{"href":"https:\/\/wirth-produkte.ch\/fr\/wp-json\/wp\/v2\/types\/product"}],"replies":[{"embeddable":true,"href":"https:\/\/wirth-produkte.ch\/fr\/wp-json\/wp\/v2\/comments?post=221"}],"wp:featuredmedia":[{"embeddable":true,"href":"https:\/\/wirth-produkte.ch\/fr\/wp-json\/wp\/v2\/media\/667"}],"wp:attachment":[{"href":"https:\/\/wirth-produkte.ch\/fr\/wp-json\/wp\/v2\/media?parent=221"}],"wp:term":[{"taxonomy":"product_brand","embeddable":true,"href":"https:\/\/wirth-produkte.ch\/fr\/wp-json\/wp\/v2\/product_brand?post=221"},{"taxonomy":"product_cat","embeddable":true,"href":"https:\/\/wirth-produkte.ch\/fr\/wp-json\/wp\/v2\/product_cat?post=221"},{"taxonomy":"product_tag","embeddable":true,"href":"https:\/\/wirth-produkte.ch\/fr\/wp-json\/wp\/v2\/product_tag?post=221"}],"curies":[{"name":"wp","href":"https:\/\/api.w.org\/{rel}","templated":true}]}}