{"id":214,"date":"2017-07-26T09:06:43","date_gmt":"2017-07-26T09:06:43","guid":{"rendered":"http:\/\/new.wirth-produkte.ch\/produkt\/lw46-hybrid-dual-core\/"},"modified":"2019-04-11T08:26:08","modified_gmt":"2019-04-11T07:26:08","slug":"lw46-hybrid-dual-core","status":"publish","type":"product","link":"https:\/\/wirth-produkte.ch\/fr\/produit\/lw46-hybrid-dual-core\/","title":{"rendered":"meyWash 460 Hybrid Dual Core"},"content":{"rendered":"<p><b>Manutention sans outils<\/b><br \/>\nLe suceur est parabolique et se d\u00e9place en sens contraire \u00e0 la machine pour aspirer parfaitement m\u00eame dans les virages.<br \/>\nIl se d\u00e9monte sans outils et les avettes peuvent \u00eatre tourn\u00e9es pour \u00eatre utilis\u00e9es sur les 4 c\u00f4t\u00e9s permettant ainsi une r\u00e9duction des co\u00fbts de gestion.<br \/>\nLa machine a une brosse zylindrique saillante frontalement (pour le lavage des plinthes) \u00e0 grande vitesse de rotation (1200 tours\/min).<\/p>\n<p>Elle est \u00e9quilibr\u00e9e dynamiquement et est changeable en quelques secondes sans outils. La pression de la brosse est r\u00e9glable.<\/p>\n<p><b>R\u00e9servoirs amovibles montes sur le timon<\/b><br \/>\nLe r\u00e9servoir bleu pour l&rsquo;eau propre poss\u00e8de un bouchon doseur.<br \/>\nLe r\u00e9servoir frontal de r\u00e9cup\u00e9ration poss\u00e8de un flotteur et un filtre protection moteur.<br \/>\nTous les filtres sont trait\u00e9s avec un produit ansiseptique pour \u00e9liminier au contact bact\u00e9riens, acariens et champignons.<br \/>\nLe timon est r\u00e9glable \u00e0 160\u00b0 et est ainsi adaptable aux exigences\/hauteur de l&rsquo;usager, il permet en outre de compacter la machine pour la transporter en voiture.<\/p>\n<p><b>Chargeur batteries \u00e0 bord de la machine<\/b><br \/>\nLa machine est 100% hybride et fonctionne ainsi soit \u00e0 batterie, soit \u00e0 courant ayant \u00e0 bord 15 m. de c\u00e2ble. Le temps de recharge apr\u00e8s une d\u00e9charge compl\u00e8te des batteries est de seulement 3 heures contre les 12 heures des batteries au GEL.<br \/>\nA tout moment d&rsquo;arr\u00eat de la machine il est possible de recharger les batteries sans attendre la d\u00e9charge compl\u00e8te et par cons\u00e9quence l&rsquo;inutilisation de la machine.<\/p>\n<p><b>Moteurs \u00e0 haute efficacit\u00e9<\/b><br \/>\nLe moteur aspirant \u00e0 2 \u00e9tages et \u00e0 haute efficacit\u00e9 24 VOC &#8211; 360W est fabriqu\u00e9 par Roafil.<br \/>\nBiner que la consommation du moteur soit r\u00e9duite, le rendement est surprenant. Le moteur \u00e0 amants permanents 24VOC &#8211; 150W est lui aussi fabriqu\u00e9 par Rotafil.<br \/>\nCes deux nouveaux maximale est de 300W seulement pendant les temps de recharge et est \u00e9quivalente \u00e0 la consommation maximale en modalit\u00e9 c\u00e2ble.<\/p>\n<p><b>Batteries de nouvelle generation<\/b><br \/>\nLes deux batteries AGM Optima U.S.A. sont cylindriques et \u00e9tachnes. Cette nouvelle technologie, si l&rsquo;on y consid\u00e8re les capacit\u00e9s, permet un temps de d\u00e9charge beaucoup plus long permettant de maintenir constamment les m\u00eames rendements et assurant une recharge rapide.<br \/>\nLe nombre de cycles de recaharge compl\u00e8te est environ le doulbe par rapport aux batteries normales GEL et l&rsquo;on peut recharger tant que l&rsquo;on veut m\u00eame si la d\u00e9charge est partielle. Les batteries ne craignent ni les vibrations, ni les coups et ni les variations de temp\u00e9rature. Le transport par voie a\u00e9rienne est permis.<\/p>\n<p><b>Secteurs d&rsquo;application<\/b><br \/>\nmeyWash460 Hybrid Dual Core peut travailler sur n&rsquo;importe quel type de sol dur sur des surfaces allant de 200 \u00e0 2000 m2. Quelques exemples d&rsquo;endroits adapt\u00e9s \u00e0 cette machine sont: salles d&rsquo;exposition d&rsquo;autos et moso, \u00e9glises et mus\u00e9s, \u00e9coles de danse et gymnases, garderies et \u00e9coles, centres m\u00e9dicaux et h\u00f4pitaux, a\u00e9roports et gares, supermarch\u00e9es et superettes, centres commerciax, restaurants et fast foo, activit\u00e9s de production de tout genre, piscines et saunas, centres sportifs et beaucoup d&rsquo;autres.<\/p>\n<p><b>Brosses<\/b><br \/>\nmeyWash460 Hybrid Dual core ne conna\u00eet aucun obstacle car elle s&rsquo;adapte \u00e0 tous type de sols: marbre, c\u00e9ramique, carrelage, r\u00e9sine, quartz etc.<\/p>\n","protected":false},"excerpt":{"rendered":"<h2>Auto Laveuse pour les sols lisses et les tapis<\/h2>\n<p><strong>incl. 2 batteries, chargeur int\u00e9gr\u00e9, suceur concave et brosse<\/strong><\/p>\n<p><strong>Parfaite dans tous les d\u00e9tails!<\/strong><\/p>\n<ul>\n<li>Syst\u00e8mes de batterie, comprend batteries et chargeur int\u00e9gr\u00e9<\/li>\n<li>Moteur \u00e0 haut rendement pour une autonomie maximale<\/li>\n<li>Maniable et l\u00e9g\u00e8re; il suffit de la conduire, elle marche toute seule<\/li>\n<li>R\u00e9servoirs amovibles, mont\u00e9s sur le timon<\/li>\n<li>Dot\u00e9e d&rsquo;une base la plus basses sur le march\u00e9 actuel (230 mm)<\/li>\n<li>Rendement horaire sup\u00e9rieur \u00e0 la moyenne (1500 m2\/h)<\/li>\n<li>Lavage et aspiration \u00e0 ras du mur et frontal, s\u00e9cher imm\u00e9diatement les sols durs<\/li>\n<li>Changement rapide et sans outils de la brosse et du suceur pour le kit nettoyage des tapis<\/li>\n<li>Pliable pour faciliter le transport m\u00eame en voiture<\/li>\n<\/ul>\n","protected":false},"featured_media":1000,"comment_status":"open","ping_status":"closed","template":"","meta":[],"product_brand":[],"product_cat":[53],"product_tag":[],"class_list":{"0":"post-214","1":"product","2":"type-product","3":"status-publish","4":"has-post-thumbnail","6":"product_cat-auto-laveuse-pour-les-sols-lisses-et-les-tapis","8":"first","9":"instock","10":"taxable","11":"shipping-taxable","12":"purchasable","13":"product-type-simple"},"_links":{"self":[{"href":"https:\/\/wirth-produkte.ch\/fr\/wp-json\/wp\/v2\/product\/214","targetHints":{"allow":["GET"]}}],"collection":[{"href":"https:\/\/wirth-produkte.ch\/fr\/wp-json\/wp\/v2\/product"}],"about":[{"href":"https:\/\/wirth-produkte.ch\/fr\/wp-json\/wp\/v2\/types\/product"}],"replies":[{"embeddable":true,"href":"https:\/\/wirth-produkte.ch\/fr\/wp-json\/wp\/v2\/comments?post=214"}],"wp:featuredmedia":[{"embeddable":true,"href":"https:\/\/wirth-produkte.ch\/fr\/wp-json\/wp\/v2\/media\/1000"}],"wp:attachment":[{"href":"https:\/\/wirth-produkte.ch\/fr\/wp-json\/wp\/v2\/media?parent=214"}],"wp:term":[{"taxonomy":"product_brand","embeddable":true,"href":"https:\/\/wirth-produkte.ch\/fr\/wp-json\/wp\/v2\/product_brand?post=214"},{"taxonomy":"product_cat","embeddable":true,"href":"https:\/\/wirth-produkte.ch\/fr\/wp-json\/wp\/v2\/product_cat?post=214"},{"taxonomy":"product_tag","embeddable":true,"href":"https:\/\/wirth-produkte.ch\/fr\/wp-json\/wp\/v2\/product_tag?post=214"}],"curies":[{"name":"wp","href":"https:\/\/api.w.org\/{rel}","templated":true}]}}