{"id":1516,"date":"2020-09-03T08:13:47","date_gmt":"2020-09-03T07:13:47","guid":{"rendered":"https:\/\/wirth-produkte.ch\/?post_type=product&#038;p=1516"},"modified":"2021-10-28T19:05:06","modified_gmt":"2021-10-28T18:05:06","slug":"laspirateur-portable-a-batterie","status":"publish","type":"product","link":"https:\/\/wirth-produkte.ch\/fr\/produit\/laspirateur-portable-a-batterie\/","title":{"rendered":"L&rsquo;aspirateur portable \u00e0 batterie"},"content":{"rendered":"<p><b>L&rsquo;aspirateur portable \u00e0 batterie le plus l\u00e9ger du monde\/b&gt;<\/b><\/p>\n<p>G\u00e9nial et ultral\u00e9ger, cet aspirateur portable \u00e0 batterie a \u00e9t\u00e9 con\u00e7u pour un rendement maximal et un filtrage au plus haut niveau. Tout cela, \u00e0 un poids extr\u00eamement faible. Cet avantage r\u00e9volutionnaire, combin\u00e9 au comfort d&rsquo;un dossier capitonn\u00e9 thermoactif et de courroies rembourr\u00e9es et ajustables, permet un usage prolong\u00e9 sans fatique excessive.<\/p>\n<p><b>Puissance moteur aspiration<\/b><br \/>\nLa puissance moteur aspiration est 340 W.<\/p>\n<p><b>Puissance<\/b><br \/>\nLa puissance est 36 V DC.<\/p>\n<p><b>D\u00e9bit d&rsquo;air<\/b><br \/>\nLe d\u00e9beit d&rsquo;air et 29 \u2013 34 \u2013 40 lt\/sec.<\/p>\n<p><b>Volume du sac \u00e0 poussi\u00e8re\/b&gt;<br \/>\nLe volume du sac \u00e0 poussi\u00e8re et 4.5 lt.<\/b><\/p>\n<p><b>Autonomie<br \/>\nAutonomie<strong>de l&rsquo;aspirateur portable \u00e0 batterie<\/strong>est\u00a0 60 &#8211; 50 &#8211; 40 min.<\/b><\/p>\n<p><b>Poids complet<\/b><br \/>\nLa machine est la plus l\u00e9g\u00e8re du monde avec poids complet de 4.4 kg et l&rsquo;encombrement est 235x200x495 mm.<\/p>\n<p><b>Niveau de sonore db<\/b><br \/>\nLa machine a un niveau de sonore db de 64.<\/p>\n","protected":false},"excerpt":{"rendered":"<p><b>Les points forts:<\/b><\/p>\n<ul>\n<li style=\"list-style-type: none\">\n<ul>\n<li>L&rsquo;appareil le plus l\u00e9ger du monde 4.4 kg<\/li>\n<\/ul>\n<\/li>\n<\/ul>\n<p>Prix inclus chargeur et une batterie.<\/p>\n","protected":false},"featured_media":1521,"comment_status":"open","ping_status":"closed","template":"","meta":[],"product_brand":[],"product_cat":[75],"product_tag":[],"class_list":{"0":"post-1516","1":"product","2":"type-product","3":"status-publish","4":"has-post-thumbnail","6":"product_cat-aspirateur","8":"first","9":"instock","10":"taxable","11":"shipping-taxable","12":"purchasable","13":"product-type-simple"},"_links":{"self":[{"href":"https:\/\/wirth-produkte.ch\/fr\/wp-json\/wp\/v2\/product\/1516","targetHints":{"allow":["GET"]}}],"collection":[{"href":"https:\/\/wirth-produkte.ch\/fr\/wp-json\/wp\/v2\/product"}],"about":[{"href":"https:\/\/wirth-produkte.ch\/fr\/wp-json\/wp\/v2\/types\/product"}],"replies":[{"embeddable":true,"href":"https:\/\/wirth-produkte.ch\/fr\/wp-json\/wp\/v2\/comments?post=1516"}],"wp:featuredmedia":[{"embeddable":true,"href":"https:\/\/wirth-produkte.ch\/fr\/wp-json\/wp\/v2\/media\/1521"}],"wp:attachment":[{"href":"https:\/\/wirth-produkte.ch\/fr\/wp-json\/wp\/v2\/media?parent=1516"}],"wp:term":[{"taxonomy":"product_brand","embeddable":true,"href":"https:\/\/wirth-produkte.ch\/fr\/wp-json\/wp\/v2\/product_brand?post=1516"},{"taxonomy":"product_cat","embeddable":true,"href":"https:\/\/wirth-produkte.ch\/fr\/wp-json\/wp\/v2\/product_cat?post=1516"},{"taxonomy":"product_tag","embeddable":true,"href":"https:\/\/wirth-produkte.ch\/fr\/wp-json\/wp\/v2\/product_tag?post=1516"}],"curies":[{"name":"wp","href":"https:\/\/api.w.org\/{rel}","templated":true}]}}