{"id":726,"date":"2018-02-25T18:32:52","date_gmt":"2018-02-25T18:32:52","guid":{"rendered":"https:\/\/new.wirth-produkte.ch\/?page_id=726"},"modified":"2024-01-02T10:00:15","modified_gmt":"2024-01-02T09:00:15","slug":"empreinte","status":"publish","type":"page","link":"https:\/\/wirth-produkte.ch\/fr\/empreinte\/","title":{"rendered":"Empreinte"},"content":{"rendered":"<div class=\"fusion-fullwidth fullwidth-box fusion-builder-row-1 fusion-flex-container has-pattern-background has-mask-background nonhundred-percent-fullwidth non-hundred-percent-height-scrolling\" style=\"--awb-border-radius-top-left:0px;--awb-border-radius-top-right:0px;--awb-border-radius-bottom-right:0px;--awb-border-radius-bottom-left:0px;--awb-flex-wrap:wrap;\" ><div class=\"fusion-builder-row fusion-row fusion-flex-align-items-flex-start fusion-flex-content-wrap\" style=\"max-width:1216.8px;margin-left: calc(-4% \/ 2 );margin-right: calc(-4% \/ 2 );\"><div class=\"fusion-layout-column fusion_builder_column fusion-builder-column-0 fusion_builder_column_1_1 1_1 fusion-flex-column\" style=\"--awb-bg-size:cover;--awb-width-large:100%;--awb-margin-top-large:0px;--awb-spacing-right-large:1.92%;--awb-margin-bottom-large:20px;--awb-spacing-left-large:1.92%;--awb-width-medium:100%;--awb-order-medium:0;--awb-spacing-right-medium:1.92%;--awb-spacing-left-medium:1.92%;--awb-width-small:100%;--awb-order-small:0;--awb-spacing-right-small:1.92%;--awb-spacing-left-small:1.92%;\"><div class=\"fusion-column-wrapper fusion-column-has-shadow fusion-flex-justify-content-flex-start fusion-content-layout-column\"><div class=\"fusion-text fusion-text-1\"><div class=\"flex flex-grow flex-col max-w-full\">\n<div class=\"min-h-&#091;20px&#093; text-message flex flex-col items-start gap-3 whitespace-pre-wrap break-words &#091;.text-message+&amp;&#093;:mt-5 overflow-x-auto\" data-message-author-role=\"assistant\" data-message-id=\"7fa36af4-34f8-453f-b62e-27a1fefaa2ef\">\n<div class=\"markdown prose w-full break-words dark:prose-invert light\">\n<p>Coordonn\u00e9es <br \/>Wirth Reinigungsmaschinen AG Quellenweg 22 5614 Sarmenstorf Suisse <a target=\"_new\" rel=\"noopener\">info@wirth-produkte.ch<\/a><\/p>\n<p>Inscription au registre du commerce Raison sociale enregistr\u00e9e: <br \/>Wirth Reinigungsmaschinen AG <br \/>Num\u00e9ro: CH40034427154 <br \/>Office du registre du commerce: Suisse<\/p>\n<p>Num\u00e9ro de TVA CHE\u2011157.806.113<\/p>\n<p>Clause de non-responsabilit\u00e9 L&rsquo;auteur ne garantit en aucun cas l&rsquo;exactitude, la pr\u00e9cision, l&rsquo;actualit\u00e9, la fiabilit\u00e9 et l&rsquo;exhaustivit\u00e9 des informations. Les demandes de dommages et int\u00e9r\u00eats contre l&rsquo;auteur pour des dommages mat\u00e9riels ou immat\u00e9riels d\u00e9coulant de l&rsquo;acc\u00e8s ou de l&rsquo;utilisation, ou de la non-utilisation des informations publi\u00e9es, de l&rsquo;abus de la connexion ou de dysfonctionnements techniques, sont exclues. Toutes les offres sont sans engagement. L&rsquo;auteur se r\u00e9serve express\u00e9ment le droit de modifier, compl\u00e9ter, supprimer tout ou partie des pages ou de l&rsquo;ensemble de l&rsquo;offre sans annonce pr\u00e9alable, ou de cesser la publication de mani\u00e8re temporaire ou d\u00e9finitive.<\/p>\n<p>Responsabilit\u00e9 des liens Les r\u00e9f\u00e9rences et liens vers des sites Web tiers sont en dehors de notre champ de responsabilit\u00e9. Nous d\u00e9clinons toute responsabilit\u00e9 pour de tels sites Web. L&rsquo;acc\u00e8s et l&rsquo;utilisation de tels sites Web se font aux risques et p\u00e9rils de l&rsquo;utilisateur.<\/p>\n<p>Droits d&rsquo;auteur Les droits d&rsquo;auteur et tous les autres droits sur le contenu, les images, les photos ou autres fichiers sur le site appartiennent exclusivement \u00e0 la soci\u00e9t\u00e9 Wirth Reinigungsmaschinen AG ou aux titulaires de droits sp\u00e9cifiquement mentionn\u00e9s. Pour la reproduction de tout \u00e9l\u00e9ment, l&rsquo;autorisation \u00e9crite des titulaires des droits d&rsquo;auteur doit \u00eatre obtenue \u00e0 l&rsquo;avance.<\/p>\n<\/div>\n<\/div>\n<\/div>\n<\/div><\/div><\/div><\/div><\/div>\n","protected":false},"excerpt":{"rendered":"","protected":false},"author":1,"featured_media":0,"parent":0,"menu_order":0,"comment_status":"closed","ping_status":"closed","template":"","meta":{"footnotes":""},"class_list":["post-726","page","type-page","status-publish","hentry"],"_links":{"self":[{"href":"https:\/\/wirth-produkte.ch\/fr\/wp-json\/wp\/v2\/pages\/726","targetHints":{"allow":["GET"]}}],"collection":[{"href":"https:\/\/wirth-produkte.ch\/fr\/wp-json\/wp\/v2\/pages"}],"about":[{"href":"https:\/\/wirth-produkte.ch\/fr\/wp-json\/wp\/v2\/types\/page"}],"author":[{"embeddable":true,"href":"https:\/\/wirth-produkte.ch\/fr\/wp-json\/wp\/v2\/users\/1"}],"replies":[{"embeddable":true,"href":"https:\/\/wirth-produkte.ch\/fr\/wp-json\/wp\/v2\/comments?post=726"}],"version-history":[{"count":3,"href":"https:\/\/wirth-produkte.ch\/fr\/wp-json\/wp\/v2\/pages\/726\/revisions"}],"predecessor-version":[{"id":5437,"href":"https:\/\/wirth-produkte.ch\/fr\/wp-json\/wp\/v2\/pages\/726\/revisions\/5437"}],"wp:attachment":[{"href":"https:\/\/wirth-produkte.ch\/fr\/wp-json\/wp\/v2\/media?parent=726"}],"curies":[{"name":"wp","href":"https:\/\/api.w.org\/{rel}","templated":true}]}}