{"id":63,"date":"2017-09-25T18:49:01","date_gmt":"2017-09-25T18:49:01","guid":{"rendered":"http:\/\/new.wirth-produkte.ch\/?page_id=63"},"modified":"2023-12-30T20:41:57","modified_gmt":"2023-12-30T19:41:57","slug":"home","status":"publish","type":"page","link":"https:\/\/wirth-produkte.ch\/fr\/","title":{"rendered":"Accueil"},"content":{"rendered":"<div class=\"fusion-fullwidth fullwidth-box fusion-builder-row-1 fusion-flex-container nonhundred-percent-fullwidth non-hundred-percent-height-scrolling\" style=\"--awb-border-radius-top-left:0px;--awb-border-radius-top-right:0px;--awb-border-radius-bottom-right:0px;--awb-border-radius-bottom-left:0px;--awb-flex-wrap:wrap;\" ><div class=\"fusion-builder-row fusion-row fusion-flex-align-items-flex-start fusion-flex-content-wrap\" style=\"max-width:1216.8px;margin-left: calc(-4% \/ 2 );margin-right: calc(-4% \/ 2 );\"><div class=\"fusion-layout-column fusion_builder_column fusion-builder-column-0 fusion_builder_column_1_1 1_1 fusion-flex-column\" style=\"--awb-bg-size:cover;--awb-width-large:100%;--awb-margin-top-large:0px;--awb-spacing-right-large:1.92%;--awb-margin-bottom-large:0px;--awb-spacing-left-large:1.92%;--awb-width-medium:100%;--awb-spacing-right-medium:1.92%;--awb-spacing-left-medium:1.92%;--awb-width-small:100%;--awb-spacing-right-small:1.92%;--awb-spacing-left-small:1.92%;\"><div class=\"fusion-column-wrapper fusion-flex-justify-content-flex-start fusion-content-layout-column\"><div class=\"fusion-text fusion-text-1\"><h2><strong>Bienvenue chez Wirth Reinigungsmaschinen AG <\/strong><\/h2>\n<p>Depuis 1958, le mat\u00e9riel de nettoyage et les nettoyants de WIRTH s\u2019imposent comme r\u00e9f\u00e9rences dans les secteurs industrie et grand public. Depuis 60 ans, la qualit\u00e9 et le nettoyage hygi\u00e9nique et en douceur riment avec les exigences \u00e9cologiques et \u00e9conomiques les plus strictes. Avec notre gamme de produits de nettoyage de sols novatrice, nous r\u00e9pondons aux besoins de tout type de sol. N\u2019h\u00e9sitez pas \u00e0 nous envoyer un courriel ou \u00e0 nous appeler pour convenir d\u2019une d\u00e9monstration gratuite et sans engagement.<\/p>\n<h2><img decoding=\"async\" class=\"aligncenter wp-image-1686 size-full\" src=\"https:\/\/wirth-produkte.ch\/wp-content\/uploads\/2021\/07\/wirthflyerfr.png\" alt=\"\" width=\"1131\" height=\"797\" srcset=\"https:\/\/wirth-produkte.ch\/wp-content\/uploads\/2021\/07\/wirthflyerfr-300x211.png 300w, https:\/\/wirth-produkte.ch\/wp-content\/uploads\/2021\/07\/wirthflyerfr-500x352.png 500w, https:\/\/wirth-produkte.ch\/wp-content\/uploads\/2021\/07\/wirthflyerfr-640x451.png 640w, https:\/\/wirth-produkte.ch\/wp-content\/uploads\/2021\/07\/wirthflyerfr-700x493.png 700w, https:\/\/wirth-produkte.ch\/wp-content\/uploads\/2021\/07\/wirthflyerfr-768x541.png 768w, https:\/\/wirth-produkte.ch\/wp-content\/uploads\/2021\/07\/wirthflyerfr-800x564.png 800w, https:\/\/wirth-produkte.ch\/wp-content\/uploads\/2021\/07\/wirthflyerfr-940x662.png 940w, https:\/\/wirth-produkte.ch\/wp-content\/uploads\/2021\/07\/wirthflyerfr-1024x722.png 1024w, https:\/\/wirth-produkte.ch\/wp-content\/uploads\/2021\/07\/wirthflyerfr.png 1131w\" sizes=\"(max-width: 1131px) 100vw, 1131px\" \/><\/h2>\n<\/div><div class=\"fusion-video fusion-youtube\" style=\"--awb-max-width:1000px;--awb-max-height:563px;--awb-align-self:center;--awb-width:100%;\"><div class=\"video-shortcode\"><div class=\"fluid-width-video-wrapper\" style=\"padding-top:56.3%;\" ><iframe title=\"YouTube video player 1\" src=\"https:\/\/www.youtube.com\/embed\/CZgbK9DrDUM?wmode=transparent&autoplay=0\" width=\"1000\" height=\"563\" allowfullscreen allow=\"autoplay; clipboard-write; encrypted-media; gyroscope; picture-in-picture;\"><\/iframe><\/div><\/div><\/div><div class=\"fusion-video fusion-youtube\" style=\"--awb-max-width:1000px;--awb-max-height:563px;--awb-align-self:center;--awb-width:100%;\"><div class=\"video-shortcode\"><div class=\"fluid-width-video-wrapper\" style=\"padding-top:56.3%;\" ><iframe title=\"YouTube video player 2\" src=\"https:\/\/www.youtube.com\/embed\/eeJXRNFymMY?wmode=transparent&autoplay=0\" width=\"1000\" height=\"563\" allowfullscreen allow=\"autoplay; clipboard-write; encrypted-media; gyroscope; picture-in-picture;\"><\/iframe><\/div><\/div><\/div><\/div><\/div><\/div><\/div>\n","protected":false},"excerpt":{"rendered":"","protected":false},"author":1,"featured_media":0,"parent":0,"menu_order":0,"comment_status":"closed","ping_status":"closed","template":"","meta":{"footnotes":""},"class_list":["post-63","page","type-page","status-publish","hentry"],"_links":{"self":[{"href":"https:\/\/wirth-produkte.ch\/fr\/wp-json\/wp\/v2\/pages\/63","targetHints":{"allow":["GET"]}}],"collection":[{"href":"https:\/\/wirth-produkte.ch\/fr\/wp-json\/wp\/v2\/pages"}],"about":[{"href":"https:\/\/wirth-produkte.ch\/fr\/wp-json\/wp\/v2\/types\/page"}],"author":[{"embeddable":true,"href":"https:\/\/wirth-produkte.ch\/fr\/wp-json\/wp\/v2\/users\/1"}],"replies":[{"embeddable":true,"href":"https:\/\/wirth-produkte.ch\/fr\/wp-json\/wp\/v2\/comments?post=63"}],"version-history":[{"count":26,"href":"https:\/\/wirth-produkte.ch\/fr\/wp-json\/wp\/v2\/pages\/63\/revisions"}],"predecessor-version":[{"id":5391,"href":"https:\/\/wirth-produkte.ch\/fr\/wp-json\/wp\/v2\/pages\/63\/revisions\/5391"}],"wp:attachment":[{"href":"https:\/\/wirth-produkte.ch\/fr\/wp-json\/wp\/v2\/media?parent=63"}],"curies":[{"name":"wp","href":"https:\/\/api.w.org\/{rel}","templated":true}]}}