{"id":473,"date":"2017-12-12T20:09:37","date_gmt":"2017-12-12T20:09:37","guid":{"rendered":"http:\/\/new.wirth-produkte.ch\/?page_id=473"},"modified":"2023-07-12T19:00:09","modified_gmt":"2023-07-12T18:00:09","slug":"service-apres-vente","status":"publish","type":"page","link":"https:\/\/wirth-produkte.ch\/fr\/service-apres-vente\/","title":{"rendered":"Service apr\u00e8s-vente"},"content":{"rendered":"<p>Pour nous, il est important que notre mat\u00e9riel de nettoyage marche sans dysfonctionnement une fois que vous l\u2019avez achet\u00e9. Afin de pouvoir assurer un entretien irr\u00e9prochable, nous tenons en stock toutes les pi\u00e8ces de rechange n\u00e9cessaires. Notre technicien de service apr\u00e8s-vente solutionne tous les probl\u00e8mes rencontr\u00e9s dans les meilleurs d\u00e9lais et de mani\u00e8re fiable.<\/p>\n","protected":false},"excerpt":{"rendered":"<p>Pour nous, il est important que notre mat\u00e9riel de nettoyage marche sans dysfonctionnement une fois que vous l\u2019avez achet\u00e9. Afin de pouvoir assurer un entretien irr\u00e9prochable, nous tenons en stock toutes les pi\u00e8ces de rechange n\u00e9cessaires. Notre technicien de service apr\u00e8s-vente solutionne tous les probl\u00e8mes rencontr\u00e9s dans les meilleurs d\u00e9lais et de mani\u00e8re fiable.<\/p>\n","protected":false},"author":1,"featured_media":0,"parent":0,"menu_order":0,"comment_status":"closed","ping_status":"closed","template":"","meta":{"footnotes":""},"class_list":["post-473","page","type-page","status-publish","hentry"],"_links":{"self":[{"href":"https:\/\/wirth-produkte.ch\/fr\/wp-json\/wp\/v2\/pages\/473","targetHints":{"allow":["GET"]}}],"collection":[{"href":"https:\/\/wirth-produkte.ch\/fr\/wp-json\/wp\/v2\/pages"}],"about":[{"href":"https:\/\/wirth-produkte.ch\/fr\/wp-json\/wp\/v2\/types\/page"}],"author":[{"embeddable":true,"href":"https:\/\/wirth-produkte.ch\/fr\/wp-json\/wp\/v2\/users\/1"}],"replies":[{"embeddable":true,"href":"https:\/\/wirth-produkte.ch\/fr\/wp-json\/wp\/v2\/comments?post=473"}],"version-history":[{"count":2,"href":"https:\/\/wirth-produkte.ch\/fr\/wp-json\/wp\/v2\/pages\/473\/revisions"}],"predecessor-version":[{"id":705,"href":"https:\/\/wirth-produkte.ch\/fr\/wp-json\/wp\/v2\/pages\/473\/revisions\/705"}],"wp:attachment":[{"href":"https:\/\/wirth-produkte.ch\/fr\/wp-json\/wp\/v2\/media?parent=473"}],"curies":[{"name":"wp","href":"https:\/\/api.w.org\/{rel}","templated":true}]}}