{"id":471,"date":"2017-12-12T20:08:44","date_gmt":"2017-12-12T20:08:44","guid":{"rendered":"http:\/\/new.wirth-produkte.ch\/?page_id=471"},"modified":"2023-07-12T19:00:08","modified_gmt":"2023-07-12T18:00:08","slug":"demonstration-gratuite","status":"publish","type":"page","link":"https:\/\/wirth-produkte.ch\/fr\/demonstration-gratuite\/","title":{"rendered":"D\u00e9monstration gratuite"},"content":{"rendered":"<p>D\u00e9monstrations gratuites des mat\u00e9riels de nettoyage et des nettoyants Gr\u00e2ce \u00e0 une d\u00e9monstration gratuite, vous pouvez d\u00e9couvrir le r\u00e9sultat de nettoyage de nos machines pour sols et tapis ainsi que nos nettoyants en direct et sans engagement. Vous aurez m\u00eame l\u2019occasion de manier nos machines, vous-m\u00eames, sur place pour vous convaincre de leur convivialit\u00e9.<\/p>\n\n<div class=\"wpcf7 no-js\" id=\"wpcf7-f703-o1\" lang=\"de-DE\" dir=\"ltr\" data-wpcf7-id=\"703\">\n<div class=\"screen-reader-response\"><p role=\"status\" aria-live=\"polite\" aria-atomic=\"true\"><\/p> <ul><\/ul><\/div>\n<form action=\"\/fr\/wp-json\/wp\/v2\/pages\/471#wpcf7-f703-o1\" method=\"post\" class=\"wpcf7-form init\" aria-label=\"Kontaktformular\" novalidate=\"novalidate\" data-status=\"init\">\n<fieldset class=\"hidden-fields-container\"><input type=\"hidden\" name=\"_wpcf7\" value=\"703\" \/><input type=\"hidden\" name=\"_wpcf7_version\" value=\"6.1.4\" \/><input type=\"hidden\" name=\"_wpcf7_locale\" value=\"de_DE\" \/><input type=\"hidden\" name=\"_wpcf7_unit_tag\" value=\"wpcf7-f703-o1\" \/><input type=\"hidden\" name=\"_wpcf7_container_post\" value=\"0\" \/><input type=\"hidden\" name=\"_wpcf7_posted_data_hash\" value=\"\" \/><input type=\"hidden\" name=\"_wpcf7_recaptcha_response\" value=\"\" \/>\n<\/fieldset>\n<p><label>Entreprise (champ obligatoire)<br \/>\n<span class=\"wpcf7-form-control-wrap\" data-name=\"Firma\"><input size=\"40\" maxlength=\"400\" class=\"wpcf7-form-control wpcf7-text wpcf7-validates-as-required\" aria-required=\"true\" aria-invalid=\"false\" value=\"\" type=\"text\" name=\"Firma\" \/><\/span> <\/label>\n<\/p>\n<p><label>Pr\u00e9nom \/ nom (champ obligatoire)<br \/>\n<span class=\"wpcf7-form-control-wrap\" data-name=\"your-name\"><input size=\"40\" maxlength=\"400\" class=\"wpcf7-form-control wpcf7-text wpcf7-validates-as-required\" aria-required=\"true\" aria-invalid=\"false\" value=\"\" type=\"text\" name=\"your-name\" \/><\/span> <\/label>\n<\/p>\n<p><label>Rue (champ obligatoire)<br \/>\n<span class=\"wpcf7-form-control-wrap\" data-name=\"Strasse\"><input size=\"40\" maxlength=\"400\" class=\"wpcf7-form-control wpcf7-text wpcf7-validates-as-required\" aria-required=\"true\" aria-invalid=\"false\" value=\"\" type=\"text\" name=\"Strasse\" \/><\/span><\/label>\n<\/p>\n<p><label>CP \/ localit\u00e9 (champ obligatoire)<br \/>\n<span class=\"wpcf7-form-control-wrap\" data-name=\"Ort\"><input size=\"40\" maxlength=\"400\" class=\"wpcf7-form-control wpcf7-text wpcf7-validates-as-required\" aria-required=\"true\" aria-invalid=\"false\" value=\"\" type=\"text\" name=\"Ort\" \/><\/span><\/label>\n<\/p>\n<p><label>N de t\u00e9l\u00e9phone (champ obligatoire)<br \/>\n<span class=\"wpcf7-form-control-wrap\" data-name=\"Telefonnummer\"><input size=\"40\" maxlength=\"400\" class=\"wpcf7-form-control wpcf7-tel wpcf7-validates-as-required wpcf7-text wpcf7-validates-as-tel\" aria-required=\"true\" aria-invalid=\"false\" value=\"\" type=\"tel\" name=\"Telefonnummer\" \/><\/span><\/label>\n<\/p>\n<p><label>E-mail (champ obligatoire)<br \/>\n<span class=\"wpcf7-form-control-wrap\" data-name=\"your-email\"><input size=\"40\" maxlength=\"400\" class=\"wpcf7-form-control wpcf7-email wpcf7-validates-as-required wpcf7-text wpcf7-validates-as-email\" aria-required=\"true\" aria-invalid=\"false\" value=\"\" type=\"email\" name=\"your-email\" \/><\/span> <\/label>\n<\/p>\n<p><label> D\u00e9monstration demand\u00e9e pour la machine suivante:<\/label><br \/>\n<span class=\"wpcf7-form-control-wrap\" data-name=\"checkbox-340\"><span class=\"wpcf7-form-control wpcf7-checkbox\"><span class=\"wpcf7-list-item first\"><input type=\"checkbox\" name=\"checkbox-340[]\" value=\"RA431 ICB\" \/><span class=\"wpcf7-list-item-label\">RA431 ICB<\/span><\/span><span class=\"wpcf7-list-item\"><input type=\"checkbox\" name=\"checkbox-340[]\" value=\"meyWash 460\" \/><span class=\"wpcf7-list-item-label\">meyWash 460<\/span><\/span><span class=\"wpcf7-list-item\"><input type=\"checkbox\" name=\"checkbox-340[]\" value=\"meyWash 300\" \/><span class=\"wpcf7-list-item-label\">meyWash 300<\/span><\/span><span class=\"wpcf7-list-item\"><input type=\"checkbox\" name=\"checkbox-340[]\" value=\"Einscheiben-Bodenreiniger 33\" \/><span class=\"wpcf7-list-item-label\">Einscheiben-Bodenreiniger 33<\/span><\/span><span class=\"wpcf7-list-item\"><input type=\"checkbox\" name=\"checkbox-340[]\" value=\"Power Disc LS\" \/><span class=\"wpcf7-list-item-label\">Power Disc LS<\/span><\/span><span class=\"wpcf7-list-item last\"><input type=\"checkbox\" name=\"checkbox-340[]\" value=\"UW1000\" \/><span class=\"wpcf7-list-item-label\">UW1000<\/span><\/span><\/span><\/span>\n<\/p>\n<p><label>Votre message<br \/>\n<span class=\"wpcf7-form-control-wrap\" data-name=\"your-message\"><textarea cols=\"40\" rows=\"10\" maxlength=\"2000\" class=\"wpcf7-form-control wpcf7-textarea\" aria-invalid=\"false\" name=\"your-message\"><\/textarea><\/span> <\/label>\n<\/p>\n<p><input class=\"wpcf7-form-control wpcf7-submit has-spinner\" type=\"submit\" value=\"envoyer\" \/>\n<\/p><div class=\"fusion-alert alert custom alert-custom fusion-alert-center wpcf7-response-output awb-alert-native-link-color alert-dismissable awb-alert-close-boxed\" style=\"--awb-border-size:1px;--awb-border-top-left-radius:0px;--awb-border-top-right-radius:0px;--awb-border-bottom-left-radius:0px;--awb-border-bottom-right-radius:0px;\" role=\"alert\"><div class=\"fusion-alert-content-wrapper\"><span class=\"fusion-alert-content\"><\/span><\/div><button type=\"button\" class=\"close toggle-alert\" data-dismiss=\"alert\" aria-label=\"Close\">&times;<\/button><\/div>\n<\/form>\n<\/div>\n\n","protected":false},"excerpt":{"rendered":"<p>D\u00e9monstrations gratuites des mat\u00e9riels de nettoyage et des nettoyants Gr\u00e2ce \u00e0 une d\u00e9monstration gratuite, vous pouvez d\u00e9couvrir le r\u00e9sultat de nettoyage de nos machines pour sols et tapis ainsi que nos nettoyants en direct et sans engagement. Vous aurez m\u00eame l\u2019occasion de manier nos machines, vous-m\u00eames, sur place pour vous convaincre de leur convivialit\u00e9.<\/p>\n","protected":false},"author":1,"featured_media":0,"parent":0,"menu_order":0,"comment_status":"closed","ping_status":"closed","template":"","meta":{"footnotes":""},"class_list":["post-471","page","type-page","status-publish","hentry"],"_links":{"self":[{"href":"https:\/\/wirth-produkte.ch\/fr\/wp-json\/wp\/v2\/pages\/471","targetHints":{"allow":["GET"]}}],"collection":[{"href":"https:\/\/wirth-produkte.ch\/fr\/wp-json\/wp\/v2\/pages"}],"about":[{"href":"https:\/\/wirth-produkte.ch\/fr\/wp-json\/wp\/v2\/types\/page"}],"author":[{"embeddable":true,"href":"https:\/\/wirth-produkte.ch\/fr\/wp-json\/wp\/v2\/users\/1"}],"replies":[{"embeddable":true,"href":"https:\/\/wirth-produkte.ch\/fr\/wp-json\/wp\/v2\/comments?post=471"}],"version-history":[{"count":4,"href":"https:\/\/wirth-produkte.ch\/fr\/wp-json\/wp\/v2\/pages\/471\/revisions"}],"predecessor-version":[{"id":704,"href":"https:\/\/wirth-produkte.ch\/fr\/wp-json\/wp\/v2\/pages\/471\/revisions\/704"}],"wp:attachment":[{"href":"https:\/\/wirth-produkte.ch\/fr\/wp-json\/wp\/v2\/media?parent=471"}],"curies":[{"name":"wp","href":"https:\/\/api.w.org\/{rel}","templated":true}]}}