{"id":461,"date":"2017-12-12T20:02:21","date_gmt":"2017-12-12T20:02:21","guid":{"rendered":"http:\/\/new.wirth-produkte.ch\/?page_id=461"},"modified":"2023-07-12T19:00:09","modified_gmt":"2023-07-12T18:00:09","slug":"entreprise","status":"publish","type":"page","link":"https:\/\/wirth-produkte.ch\/fr\/entreprise\/","title":{"rendered":"L\u2019entreprise"},"content":{"rendered":"<h3>Les jalons du d\u00e9veloppement<\/h3>\n<p>1958: Fondation de l\u2019entreprise par Paul Wirth; si\u00e8ge social \u00e0 Zurich; produits cl\u00e9s: concentr\u00e9 universel, brosse Wirella, cire pour sol<\/p>\n<p>1965: Lancement de l\u2019aspirateur brosseur-batteur ainsi que de la shampouineuse manuelle pour tapis<\/p>\n<p>1977: Lancement de la brosse \u00e0 shampoing \u00e9lectrique<\/p>\n<p>1990: Lancement du nettoyeur \u00e0 extraction par aspersion Wirth<\/p>\n<p>1991: Lancement de l\u2019aspiro-brosseur combin\u00e9<\/p>\n<p>1998: Lancement de la machine de nettoyage universelle pour tapis et sols lisses<\/p>\n<p>2001: Rachat de la soci\u00e9t\u00e9 Wirth par N. Meyer; nouveau si\u00e8ge social: Sarmenstorf AG<\/p>\n<p>2012: Lancement des autolaveuses pour sols lisses et tapis Wash 30 et LW 46<\/p>\n<p>2016: Fondation de la soci\u00e9t\u00e9 Wirth Reinigungsmaschinen AG<\/p>\n<p>2016: Lancement de l\u2019autolaveuse pour sols lisses et tapis meyWash 300 et meyWash 460<\/p>\n","protected":false},"excerpt":{"rendered":"<p>Les jalons du d\u00e9veloppement 1958: Fondation de l\u2019entreprise par Paul Wirth; si\u00e8ge social \u00e0 Zurich; produits cl\u00e9s: concentr\u00e9 universel, brosse Wirella, cire pour sol 1965: Lancement de l\u2019aspirateur brosseur-batteur ainsi que de la shampouineuse manuelle pour tapis 1977: Lancement de la brosse \u00e0 shampoing \u00e9lectrique 1990: Lancement du nettoyeur \u00e0 extraction par aspersion Wirth 1991:<\/p>\n","protected":false},"author":1,"featured_media":0,"parent":0,"menu_order":0,"comment_status":"closed","ping_status":"closed","template":"","meta":{"footnotes":""},"class_list":["post-461","page","type-page","status-publish","hentry"],"_links":{"self":[{"href":"https:\/\/wirth-produkte.ch\/fr\/wp-json\/wp\/v2\/pages\/461","targetHints":{"allow":["GET"]}}],"collection":[{"href":"https:\/\/wirth-produkte.ch\/fr\/wp-json\/wp\/v2\/pages"}],"about":[{"href":"https:\/\/wirth-produkte.ch\/fr\/wp-json\/wp\/v2\/types\/page"}],"author":[{"embeddable":true,"href":"https:\/\/wirth-produkte.ch\/fr\/wp-json\/wp\/v2\/users\/1"}],"replies":[{"embeddable":true,"href":"https:\/\/wirth-produkte.ch\/fr\/wp-json\/wp\/v2\/comments?post=461"}],"version-history":[{"count":4,"href":"https:\/\/wirth-produkte.ch\/fr\/wp-json\/wp\/v2\/pages\/461\/revisions"}],"predecessor-version":[{"id":1088,"href":"https:\/\/wirth-produkte.ch\/fr\/wp-json\/wp\/v2\/pages\/461\/revisions\/1088"}],"wp:attachment":[{"href":"https:\/\/wirth-produkte.ch\/fr\/wp-json\/wp\/v2\/media?parent=461"}],"curies":[{"name":"wp","href":"https:\/\/api.w.org\/{rel}","templated":true}]}}